{"id":1806,"date":"2022-04-06T12:10:07","date_gmt":"2022-04-06T12:10:07","guid":{"rendered":"https:\/\/judaikostyrimucentras.com\/?page_id=1806"},"modified":"2022-04-06T12:10:07","modified_gmt":"2022-04-06T12:10:07","slug":"seminaru-ciklo-kelias-i-lietuvos-zydu-istorijos-ir-kulturos-paveldo-pazinima-programa","status":"publish","type":"page","link":"https:\/\/blog.lnb.lt\/judaika\/seminaru-ciklo-kelias-i-lietuvos-zydu-istorijos-ir-kulturos-paveldo-pazinima-programa\/","title":{"rendered":"Seminar\u0173 ciklo \u201eKelias \u012f Lietuvos \u017eyd\u0173 istorijos ir kult\u016bros paveldo pa\u017einim\u0105\u201c PROGRAMA"},"content":{"rendered":"\n<p>\u012e\u017dANGINIO SEMINARO PROGRAMA (VILNIUS)<\/p>\n\n\n\n<figure class=\"wp-block-table\"><table><tbody><tr><td>KADA<\/td><td>KAS<\/td><td>KUR<\/td><\/tr><tr><td><\/td><td>BALAND\u017dIO 25 D., PIRMADIENIS<\/td><td><\/td><\/tr><tr><td>9:30-10:00<\/td><td>Dalyvi\u0173 registracija<\/td><td>LNB<\/td><\/tr><tr><td>10:00-10:10<\/td><td>LNB Dokumentinio paveldo tyrim\u0173 departamento direktor\u0117 <br>dr. Jolanta Budri\u016bnien\u0117 <br>Sveikinimo \u017eodis <\/td><td>LNB<\/td><\/tr><tr><td>10:10-11:00<\/td><td>LNB Judaikos tyrim\u0173 centro vadov\u0117 dr. Lara Lempertien\u0117 <br>J\u016bra i\u0161 la\u0161\u0173. I\u0161likusi\u0173 dokument\u0173 galia edukacijoje<\/td><td>LNB<\/td><\/tr><tr><td>11:00-12:00<\/td><td>Dr. Ugn\u0117 Andrijauskait\u0117<br>Mikroistorija ir jos taikymas istorijos tyrim\u0173 praktikoje<\/td><td>LNB<\/td><\/tr><tr><td>12:00-13:00<\/td><td>Piet\u016bs<\/td><td>LNB<\/td><\/tr><tr><td>13:00-14:00<\/td><td>Julijana Andriejauskien\u0117, LNB Judaikos tyrim\u0173 centras <br>Vieno tyrimo istorija: Kauno Elja\u0161ev\u0173 \u0161eimos dokument\u0173 kolekcija<\/td><td>LNB<\/td><\/tr><tr><td>14:00-15:00<\/td><td>Migl\u0117 Anu\u0161auskait\u0117, \u017eyd\u0173 istorijos ir kult\u016bros tyrin\u0117toja<br>Darbas su nedideliu med\u017eiagos korpusu: d\u0117sningumai ir paserg\u0117jimai<\/td><td>LNB<\/td><\/tr><tr><td>15:00-15:15<\/td><td>Kava<\/td><td>LNB<\/td><\/tr><tr><td>15:15-16:15<\/td><td>Audra Girijot\u0117, LNB Judaikos tyrim\u0173 centras<br>Tu\u0161tumos tyrimas. D. M. Lipmanas<\/td><td>LNB<\/td><\/tr><tr><td>16:15-17:00<\/td><td>Dalyvi\u0173 tyrim\u0173 eskizai <\/td><td>LNB<\/td><\/tr><tr><td><\/td><td><\/td><td><\/td><\/tr><tr><td><\/td><td>BALAND\u017dIO 26 D., ANTRADIENIS <\/td><td><\/td><\/tr><tr><td>8:00<\/td><td>I\u0161vyka i\u0161 vie\u0161bu\u010dio Art City Inn \u012f Lietuvos valstyb\u0117s istorijos archyv\u0105 (LVIA)<\/td><td><\/td><\/tr><tr><td>8:20-9:45<\/td><td>Raminta Bindokait\u0117-Tamulynien\u0117, LVIA<br>Kaip nepask\u0119sti archyve? <\/td><td>LVIA<\/td><\/tr><tr><td>9:45-10:15<\/td><td>I\u0161vyka \u012f Vilniaus Gaono \u017eyd\u0173 istorijos muziej\u0173 (VG\u017dIM)<\/td><td><\/td><\/tr><tr><td>10:15-11:40<\/td><td>Saul\u0117 Vali\u016bnait\u0117, VG\u017dIM<br>Kas slepiasi Vilniaus Gaono \u017eyd\u0173 istorijos muziejaus kolekcijose ir <br>kaip i\u0161vengti da\u017eniausiai \u017eyd\u0173 istorijos projektuose pasitaikan\u010di\u0173 klaid\u0173?<\/td><td>VG\u017dIM<\/td><\/tr><tr><td>11:40-12:10<\/td><td>Ariko Brauerio paroda \u201ePesacho pasakojimai\u201c: eksponatas tyrin\u0117tojo akimis<\/td><td>VG\u017dIM<\/td><\/tr><tr><td>12:10-12:30<\/td><td>Gr\u012f\u017eimas \u012f LNB <\/td><td><\/td><\/tr><tr><td>12:30-13:30<\/td><td>Piet\u016bs<\/td><td>LNB<\/td><\/tr><tr><td>13:30-14:30<\/td><td>Prof. dr. Jurgita Verbickien\u0117, VU <br>Edukatori\u0173 etika <\/td><td>LNB<\/td><\/tr><tr><td>14:30-14:45<\/td><td>Kava<\/td><td>LNB <\/td><\/tr><tr><td>14:45-15:30<\/td><td>Savaranki\u0161k\u0173 tyrim\u0173 tem\u0173 aptarimas<\/td><td>LNB<\/td><\/tr><\/tbody><\/table><\/figure>\n\n\n\n<p>PASKAITOS\/PRAKTINIAI U\u017dSI\u0116MIMAI ZOOM PLATFORMOJE<\/p>\n\n\n\n<div class=\"wp-block-columns is-layout-flex wp-container-core-columns-is-layout-9d6595d7 wp-block-columns-is-layout-flex\">\n<div class=\"wp-block-column is-layout-flow wp-block-column-is-layout-flow\" style=\"flex-basis:100%\">\n<figure class=\"wp-block-table is-style-regular\"><table><tbody><tr><td>KADA<\/td><td>KAS<\/td><td>LAIKAS<\/td><\/tr><tr><td>Gegu\u017e\u0117s<br>17 d. <br>antradienis <br>16 val.<\/td><td>R\u016bta Anulyt\u0117, \u017eyd\u0173 istorijos ir kult\u016bros tyrin\u0117toja<br>Nuo ko prad\u0117ti ra\u0161yti savo miestelio istorij\u0105: <br>praktinis darbo su duomen\u0173 baz\u0117mis u\u017esi\u0117mimas<\/td><td>1,5 val.<\/td><\/tr><tr><td>Bir\u017eelio <br>28 d. <br>antradienis<br>16 val. <\/td><td>Dr. Dovil\u0117 Troskovait\u0117, <br>VU Ryt\u0173 Europos \u017eyd\u0173&nbsp;kult\u016bros ir istorijos tyrim\u0173 centras<br>Regionini\u0173 tyrim\u0173 (ne)aktualumas: poreikiai ir i\u0161\u0161\u016bkiai <\/td><td>1 val. <\/td><\/tr><tr><td>Liepos <br>26 d. <br>antradienis<br>16 val. <\/td><td>Giedrius Jokubauskis, <br>tarptautini\u0173 santyki\u0173 ir \u017eyd\u0173 atminties kult\u016bros specialistas<br>Tarp istorijos ir atminties: \u017eodin\u0117s istorijos elementai \u0161tetl\u0173 tyrimuose<\/td><td>1 val. <\/td><\/tr><tr><td>Rugpj\u016b\u010dio <br>9 d.<br>antradienis<br>16 val. <\/td><td>Stephenas Naronas, <br>Jeilio universiteto (JAV) Fortunoffo Holokausto liudijim\u0173 vaizdo archyvo direktorius <br>Fortunoffo Holokausto liudijim\u0173 vaizdo archyvas ir pasakojimai apie \u012fvykius Lietuvoje<\/td><td>1 val. <\/td><\/tr><tr><td>Rugs\u0117jo 29 d. <br>ketvirtadienis<br>18 val. <br><\/td><td>Dr. Akvil\u0117 Naud\u017ei\u016bnien\u0117, <br>VU Ryt\u0173 Europos \u017eyd\u0173 istorijos tyrim\u0173 centras<br>Mokymas(is) apie Holokausto istorij\u0105 mokykloje, muziejuje, ekskursijoje: problemos ir gerieji pavyzd\u017eiai<\/td><td>1 val. <\/td><\/tr><tr><td>Spalio 25 d. <br>antradienis <br>16 val. <\/td><td>Dr. Rimantas Kmita, ra\u0161ytojas, literat\u016brologas  <br>Magin\u0117 dokumentika: kaip archyvai dalyvauja fikcijose<\/td><td>1 val. <\/td><\/tr><tr><td>Lapkri\u010dio 7 d.<br>pirmadienis<br>13 val. <\/td><td>Baigiamoji seminar\u0173 ciklo konferencija. Darb\u0173 pristatymas  (LNB ir ZOOM)<\/td><td>5 val. <\/td><\/tr><\/tbody><\/table><\/figure>\n<\/div>\n<\/div>\n\n\n\n<p>Seminar\u0173 cikl\u0105 \u201eKelias \u012f Lietuvos \u017eyd\u0173 istorijos ir kult\u016bros paveldo pa\u017einim\u0105\u201c organizavo LNB DPTD Judaikos tyrim\u0173 centras, finansavo Lietuvos kult\u016bros taryba. <\/p>\n\n\n\n<figure class=\"wp-block-image size-large\"><img loading=\"lazy\" decoding=\"async\" width=\"1403\" height=\"242\" src=\"http:\/\/blog.lnb.lt\/judaika\/files\/2022\/11\/logo.jpg?w=616\" alt=\"\" class=\"wp-image-2882\" srcset=\"https:\/\/blog.lnb.lt\/judaika\/files\/2022\/11\/logo.jpg 1403w, https:\/\/blog.lnb.lt\/judaika\/files\/2022\/11\/logo-300x52.jpg 300w, https:\/\/blog.lnb.lt\/judaika\/files\/2022\/11\/logo-1024x177.jpg 1024w, https:\/\/blog.lnb.lt\/judaika\/files\/2022\/11\/logo-768x132.jpg 768w\" sizes=\"auto, (max-width: 1403px) 100vw, 1403px\" \/><\/figure>\n","protected":false},"excerpt":{"rendered":"<p>\u012e\u017dANGINIO SEMINARO PROGRAMA (VILNIUS) KADA KAS KUR BALAND\u017dIO 25 D., PIRMADIENIS 9:30-10:00 Dalyvi\u0173 registracija LNB 10:00-10:10 LNB Dokumentinio paveldo tyrim\u0173 departamento direktor\u0117 dr. Jolanta Budri\u016bnien\u0117 Sveikinimo \u017eodis LNB 10:10-11:00 LNB Judaikos tyrim\u0173 centro vadov\u0117 dr. Lara Lempertien\u0117 J\u016bra i\u0161 la\u0161\u0173. I\u0161likusi\u0173 dokument\u0173 galia edukacijoje LNB 11:00-12:00 Dr. Ugn\u0117 Andrijauskait\u0117Mikroistorija ir jos taikymas istorijos tyrim\u0173 praktikoje [&hellip;]<\/p>\n","protected":false},"author":143,"featured_media":0,"parent":0,"menu_order":0,"comment_status":"closed","ping_status":"closed","template":"","meta":{"inline_featured_image":false,"footnotes":""},"class_list":["post-1806","page","type-page","status-publish","hentry"],"_links":{"self":[{"href":"https:\/\/blog.lnb.lt\/judaika\/wp-json\/wp\/v2\/pages\/1806","targetHints":{"allow":["GET"]}}],"collection":[{"href":"https:\/\/blog.lnb.lt\/judaika\/wp-json\/wp\/v2\/pages"}],"about":[{"href":"https:\/\/blog.lnb.lt\/judaika\/wp-json\/wp\/v2\/types\/page"}],"author":[{"embeddable":true,"href":"https:\/\/blog.lnb.lt\/judaika\/wp-json\/wp\/v2\/users\/143"}],"replies":[{"embeddable":true,"href":"https:\/\/blog.lnb.lt\/judaika\/wp-json\/wp\/v2\/comments?post=1806"}],"version-history":[{"count":0,"href":"https:\/\/blog.lnb.lt\/judaika\/wp-json\/wp\/v2\/pages\/1806\/revisions"}],"wp:attachment":[{"href":"https:\/\/blog.lnb.lt\/judaika\/wp-json\/wp\/v2\/media?parent=1806"}],"curies":[{"name":"wp","href":"https:\/\/api.w.org\/{rel}","templated":true}]}}