{"id":1922,"date":"2022-05-10T12:40:20","date_gmt":"2022-05-10T12:40:20","guid":{"rendered":"https:\/\/judaikostyrimucentras.com\/?page_id=1922"},"modified":"2022-05-10T12:40:20","modified_gmt":"2022-05-10T12:40:20","slug":"projekto-partneriai","status":"publish","type":"page","link":"https:\/\/blog.lnb.lt\/judaika\/projekto-partneriai\/","title":{"rendered":"Projekto partneriai"},"content":{"rendered":"\n<figure class=\"wp-block-image size-large\"><img loading=\"lazy\" decoding=\"async\" width=\"1998\" height=\"768\" src=\"http:\/\/blog.lnb.lt\/judaika\/files\/2022\/05\/bendras-logo-1.png?w=616\" alt=\"\" class=\"wp-image-1945\" srcset=\"https:\/\/blog.lnb.lt\/judaika\/files\/2022\/05\/bendras-logo-1.png 1998w, https:\/\/blog.lnb.lt\/judaika\/files\/2022\/05\/bendras-logo-1-300x115.png 300w, https:\/\/blog.lnb.lt\/judaika\/files\/2022\/05\/bendras-logo-1-1024x394.png 1024w, https:\/\/blog.lnb.lt\/judaika\/files\/2022\/05\/bendras-logo-1-768x295.png 768w, https:\/\/blog.lnb.lt\/judaika\/files\/2022\/05\/bendras-logo-1-1536x590.png 1536w\" sizes=\"auto, (max-width: 1998px) 100vw, 1998px\" \/><\/figure>\n\n\n\n<p>Lapkri\u010dio 7 d. Lietuvos nacionalin\u0117je Martyno Ma\u017evydo bibliotekoje vyko baigiamasis seminaras i\u0161 ciklo \u201eKelias \u012f Lietuvos \u017eyd\u0173 istorijos ir kult\u016bros paveldo pa\u017einim\u0105\u201c. Seminar\u0173 cikle gyvai ir nuotoliniu b\u016bdu dalyvavo\u00a0kelios de\u0161imtys\u00a0istorijos ir kult\u016bros edukatori\u0173 i\u0161 visos Lietuvos: \u0160iauli\u0173, Panev\u0117\u017eio, Prien\u0173, Akmen\u0117s, Alytaus, K\u0117daini\u0173, Mol\u0117t\u0173, Klaip\u0117dos, Tel\u0161i\u0173, Kauno, Lazdij\u0173, Pasvalio, Bir\u017e\u0173, Roki\u0161kio, \u0160al\u010dinink\u0173, Kauno, Vilniaus miest\u0173 ir rajon\u0173.<\/p>\n\n\n\n<figure class=\"wp-block-image size-large\"><img loading=\"lazy\" decoding=\"async\" width=\"2048\" height=\"1365\" src=\"http:\/\/blog.lnb.lt\/judaika\/files\/2022\/11\/plojimai.jpg?w=1024\" alt=\"\" class=\"wp-image-2994\" srcset=\"https:\/\/blog.lnb.lt\/judaika\/files\/2022\/11\/plojimai.jpg 2048w, https:\/\/blog.lnb.lt\/judaika\/files\/2022\/11\/plojimai-300x200.jpg 300w, https:\/\/blog.lnb.lt\/judaika\/files\/2022\/11\/plojimai-1024x683.jpg 1024w, https:\/\/blog.lnb.lt\/judaika\/files\/2022\/11\/plojimai-768x512.jpg 768w, https:\/\/blog.lnb.lt\/judaika\/files\/2022\/11\/plojimai-1536x1024.jpg 1536w\" sizes=\"auto, (max-width: 2048px) 100vw, 2048px\" \/><figcaption class=\"wp-element-caption\">Baigiamajame susitikime edukatoriai-tyr\u0117jai pristat\u0117 savo tyrimus <\/figcaption><\/figure>\n\n\n\n<p>Devynis m\u0117nesius vykus\u012f seminar\u0173 cikl\u0105 finansavo Lietuvos kult\u016bros taryba. Ciklo renginiai \u2013 tai istorik\u0173, archyvar\u0173, ra\u0161ytoj\u0173 paskaitos ir praktiniai u\u017esi\u0117mimai. Seminar\u0105 organizavo Nacionalin\u0117s bibliotekos Dokumentinio paveldo tyrim\u0173 departamento Judaikos tyrim\u0173 centras. Programos partneriai \u2013 Tarptautin\u0117 komisija naci\u0173 ir sovietinio okupacini\u0173 re\u017eim\u0173 nusikaltimams Lietuvoje \u012fvertinti, Vilniaus universiteto Istorijos fakultetas, Vilniaus Gaono \u017eyd\u0173 istorijos muziejus, \u017dyd\u0173 kult\u016bros paveldo kelio asociacija.<\/p>\n\n\n\n<figure class=\"wp-block-image size-large\"><img loading=\"lazy\" decoding=\"async\" width=\"2048\" height=\"1365\" src=\"http:\/\/blog.lnb.lt\/judaika\/files\/2022\/11\/lara-lempertiene.jpg?w=1024\" alt=\"\" class=\"wp-image-2996\" srcset=\"https:\/\/blog.lnb.lt\/judaika\/files\/2022\/11\/lara-lempertiene.jpg 2048w, https:\/\/blog.lnb.lt\/judaika\/files\/2022\/11\/lara-lempertiene-300x200.jpg 300w, https:\/\/blog.lnb.lt\/judaika\/files\/2022\/11\/lara-lempertiene-1024x683.jpg 1024w, https:\/\/blog.lnb.lt\/judaika\/files\/2022\/11\/lara-lempertiene-768x512.jpg 768w, https:\/\/blog.lnb.lt\/judaika\/files\/2022\/11\/lara-lempertiene-1536x1024.jpg 1536w\" sizes=\"auto, (max-width: 2048px) 100vw, 2048px\" \/><figcaption class=\"wp-element-caption\">Baigiamojo susitikimo dalyvius sveikina LNB Judaikos tyrim\u0173 centro vadov\u0117 dr. Lara Lempertien\u0117<\/figcaption><\/figure>\n\n\n\n<p>Baigiamajame susitikime dalyviams pristatyta \u017eyd\u0173 istorijos ir kult\u016bros tyr\u0117jos, vert\u0117jos ir meninink\u0117s Migl\u0117s Anu\u0161auskait\u0117s sukurta pie\u0161tin\u0117\u00a0metodika-komiksas. Pradedantieji \u017eyd\u0173 istorijos ir kult\u016bros paveldo tyrin\u0117tojai komikse ras patarim\u0173, kokius pirmuosius \u017eingsnius galima daryti renkantis skirtingus tyrimo i\u0161eities ta\u0161kus\u00a0\u2013 kaip tirti, jeigu \u017einomas tik \u017emogaus vardas, jeigu tiriamas pastatas ar gatv\u0117, jeigu tyrimas prasideda nuo i\u0161likusio per Holokaust\u0105 \u017euvusi\u0173 \u017emoni\u0173 daikto. Pie\u0161iniais paai\u0161kintas ir istorik\u0173 naudojamas mikroistorijos metodas. <\/p>\n\n\n\n<figure class=\"wp-block-image size-large\"><img loading=\"lazy\" decoding=\"async\" width=\"1000\" height=\"563\" src=\"http:\/\/blog.lnb.lt\/judaika\/files\/2022\/11\/migle-pasiraso.jpg?w=1000\" alt=\"\" class=\"wp-image-2998\" srcset=\"https:\/\/blog.lnb.lt\/judaika\/files\/2022\/11\/migle-pasiraso.jpg 1000w, https:\/\/blog.lnb.lt\/judaika\/files\/2022\/11\/migle-pasiraso-300x169.jpg 300w, https:\/\/blog.lnb.lt\/judaika\/files\/2022\/11\/migle-pasiraso-768x432.jpg 768w\" sizes=\"auto, (max-width: 1000px) 100vw, 1000px\" \/><figcaption class=\"wp-element-caption\">Seminar\u0173 ciklo dalyviai gavo Migl\u0117s Anu\u0161auskait\u0117s parengt\u0105 metodik\u0105\/komiks\u0105 su autografu ir palink\u0117jimu <\/figcaption><\/figure>\n\n\n\n<p>Paskait\u0105 apie moter\u0173 traumini\u0173 patir\u010di\u0173 per Holokaust\u0105 integravimo \u012f istorinius tyrimus svarb\u0105 skait\u0117 istorik\u0117 Neringa Latvyt\u0117, Vilniaus universiteto Komunikacijos fakultete d\u0117stanti traumin\u0117s atminties ir kult\u016bros paveldo komunikacij\u0105.<\/p>\n\n\n\n<p>\u201eBijau eiti \u012f archyvus. Da\u017enai archyvai neatsako \u012f klausimus, jie i\u0161kelia nauj\u0173 klausim\u0173\u201c, \u2013 spal\u012f vykusiame seminare \u201eMagin\u0117 dokumentika: kaip archyvai dalyvauja fikcijose\u201c sak\u0117 ra\u0161ytojas ir kult\u016bros tyrin\u0117tojas dr. Rimantas Kmita. Edukatoriai \u0161i\u0105 mint\u012f patvirtino pristatydami savaranki\u0161kus tyrimus, atliktus per seminar\u0173 ciklo m\u0117nesius, \u2013 kartais darbas su archyvine med\u017eiaga koregavo temas ir tyrim\u0173 krypt\u012f. Jurgita Gustyt\u0117-Ivinskien\u0117 i\u0161 Varni\u0173, paband\u017eiusi atskleisti \u017eodin\u0117je atmintyje i\u0161likusio pasakojimo apie varni\u0161k\u012f Chaim\u0105 Nejerman\u0105 detales, dabar tyrin\u0117ja jo t\u0117vo Michelio Nejermano, aktyvaus tarpukario Lietuvos veik\u0117jo, biografij\u0105. Laimut\u0117 Sli\u017eien\u0117, tirianti \u017einomo tarpukario Lietuvos odos ir venerini\u0173 lig\u0173 gydytojo Simono Volperto gyvenimo istorij\u0105, susitelk\u0117 \u012f gilesn\u0119 vieno dokumento \u2013 i\u0161ra\u0161o i\u0161 S. Volperto darbo, ra\u0161yto remiantis steb\u0117jimais, atliktais Berlyno universitete \u201eCharit\u00e8\u201c odos lig\u0173 klinikoje, \u2013 analiz\u0119, verting\u0105 ir Lietuvos medicinos istorijai.<\/p>\n\n\n\n<p>\u0160iemet Prienuose pad\u0117ti atminimo akmenys Bencionui Benui \u0160akovui ir Libei Genei \u0160akovienei-Kacaitei, j\u0173 gimimo ir mirties datas patikslino seminaro dalyv\u0117 Jolita Sta\u010diokait\u0117 i\u0161 Jiezno. Vijol\u0117 Nik\u0161ien\u0117 ir Edita Mikelionien\u0117 \u012f baigiam\u0105j\u012f rengin\u012f atsive\u017e\u0117 original\u0173 dokument\u0105 \u2013 Iciko Lip\u0161ico eil\u0117ra\u0161t\u012f, sukurt\u0105 ir dedikuot\u0105 draugei Reginai 1941 m. gegu\u017e\u0119, ir pristat\u0117 tyrim\u0105, kuriame Lip\u0161ic\u0173 \u0161eimos istorij\u0105 pasakoja j\u0173 namai. Zina Gudaitien\u0117 i\u0161 Kauno rajono Liu\u010di\u016bn\u0173 kaimo atrado, kad 1941 m. nu\u017eudytas \u010ceki\u0161k\u0117s miestelio fotografas Leizeris Bekeris buvo ir ambicingas dailininkas. Tel\u0161i\u0173 ligonin\u0117s istorij\u0105 tirianti Janina Bucevi\u010d\u0117 dalinosi tarpukario Tel\u0161i\u0173 gydytoj\u0173 moter\u0173 istorijomis, o Greta K\u0117velaitien\u0117 i\u0161 Panev\u0117\u017eio pasakojo, kaip naujos \u017einios apie Naftal\u012f Feigenzon\u0105 ir jo spaustuv\u0119, kurioje tarpukariu veik\u0117 ir biblioteka, praturtino pa\u017eintin\u0119 ekskursij\u0105.<\/p>\n\n\n\n<figure class=\"wp-block-image size-large\"><img loading=\"lazy\" decoding=\"async\" width=\"1120\" height=\"2000\" src=\"http:\/\/blog.lnb.lt\/judaika\/files\/2022\/11\/migle.jpg?w=573\" alt=\"\" class=\"wp-image-3000\" srcset=\"https:\/\/blog.lnb.lt\/judaika\/files\/2022\/11\/migle.jpg 1120w, https:\/\/blog.lnb.lt\/judaika\/files\/2022\/11\/migle-168x300.jpg 168w, https:\/\/blog.lnb.lt\/judaika\/files\/2022\/11\/migle-573x1024.jpg 573w, https:\/\/blog.lnb.lt\/judaika\/files\/2022\/11\/migle-768x1371.jpg 768w, https:\/\/blog.lnb.lt\/judaika\/files\/2022\/11\/migle-860x1536.jpg 860w\" sizes=\"auto, (max-width: 1120px) 100vw, 1120px\" \/><figcaption class=\"wp-element-caption\">Seminar\u0173 ciklo metu parengta metodika jau sulauk\u0117 platesnio tyr\u0117j\u0173, d\u0117stytoj\u0173 ir student\u0173 susidom\u0117jimo<\/figcaption><\/figure>\n\n\n\n<p>Daugiau apie edukatori\u0173 atliktus tyrimus galima bus paskaityti tinklara\u0161tyje&nbsp;<a href=\"https:\/\/judaikostyrimucentras.com\/seminarai\" target=\"_blank\" rel=\"noreferrer noopener\">judaikostyrimucentras.com\/seminarai<\/a>. Ten jau skelbiama seminar\u0173 ciklo med\u017eiaga, prieinama visiems, kas domisi lokalaus \u017eyd\u0173 istorijos ir kult\u016bros paveldo tyrimais.<\/p>\n\n\n\n<p>Edukatoriai ir tyr\u0117jai aptar\u0117 i\u0161\u0161\u016bkius, i\u0161kilusius ie\u0161kant med\u017eiagos, kriti\u0161kai vertinant \u0161altinius ir taikant tyrimuose mikroistorijos metod\u0105.&nbsp;Per seminarus susik\u016br\u0119s vietinio \u017eyd\u0173 istorijos ir kult\u016bros paveldo tyrin\u0117toj\u0173 tinklas planuoja t\u0119sti bendradarbiavim\u0105 ir yra atviras visiems besidomintiems.<\/p>\n\n\n\n<p>Seminar\u0173 ciklo programa buvo skirta siekiantiems kelti kompetencij\u0105 ir \u012fgyti nauj\u0173 \u012fg\u016bd\u017ei\u0173 istorijos ir kult\u016bros edukatoriams: kra\u0161totyrininkams, kult\u016bros edukacij\u0173 reng\u0117jams, mokytojams, bibliotekininkams, Lietuvos region\u0173 muziej\u0173 darbuotojams, menininkams, savaranki\u0161kai dirbantiems tyrin\u0117tojams, besidomintiems \u017eyd\u0173 istorijos ir kult\u016bros paveldu. Seminarais siekiama didinti Nacionalin\u0117s bibliotekos judaikos kolekcijos \u017einomum\u0105 Lietuvoje, aktyvinti tyr\u0117j\u0173 ir atminties institucij\u0173 bendradarbiavim\u0105, skatinti Lietuvos \u017eyd\u0173 kult\u016bros ir istorijos tyrin\u0117jimus. Pirmenyb\u0117 priimant dalyvius teikta edukatoriams ir tyr\u0117jams i\u0161 Lietuvos region\u0173.<\/p>\n\n\n\n<p>Seminar\u0173 lektoriai \u2013 istorikai, \u017eyd\u0173 istorijos ir kult\u016bros paveldo tyrin\u0117tojai, archyvarai, su istorine med\u017eiaga dirbantys k\u016br\u0117jai, vietin\u0117s istorijos ir mikroistorijos praktikai.<\/p>\n\n\n\n<figure class=\"wp-block-image size-large\"><img loading=\"lazy\" decoding=\"async\" width=\"1403\" height=\"242\" src=\"http:\/\/blog.lnb.lt\/judaika\/files\/2022\/11\/logo.jpg?w=616\" alt=\"\" class=\"wp-image-2882\" srcset=\"https:\/\/blog.lnb.lt\/judaika\/files\/2022\/11\/logo.jpg 1403w, https:\/\/blog.lnb.lt\/judaika\/files\/2022\/11\/logo-300x52.jpg 300w, https:\/\/blog.lnb.lt\/judaika\/files\/2022\/11\/logo-1024x177.jpg 1024w, https:\/\/blog.lnb.lt\/judaika\/files\/2022\/11\/logo-768x132.jpg 768w\" sizes=\"auto, (max-width: 1403px) 100vw, 1403px\" \/><\/figure>\n","protected":false},"excerpt":{"rendered":"<p>Lapkri\u010dio 7 d. Lietuvos nacionalin\u0117je Martyno Ma\u017evydo bibliotekoje vyko baigiamasis seminaras i\u0161 ciklo \u201eKelias \u012f Lietuvos \u017eyd\u0173 istorijos ir kult\u016bros paveldo pa\u017einim\u0105\u201c. Seminar\u0173 cikle gyvai ir nuotoliniu b\u016bdu dalyvavo\u00a0kelios de\u0161imtys\u00a0istorijos ir kult\u016bros edukatori\u0173 i\u0161 visos Lietuvos: \u0160iauli\u0173, Panev\u0117\u017eio, Prien\u0173, Akmen\u0117s, Alytaus, K\u0117daini\u0173, Mol\u0117t\u0173, Klaip\u0117dos, Tel\u0161i\u0173, Kauno, Lazdij\u0173, Pasvalio, Bir\u017e\u0173, Roki\u0161kio, \u0160al\u010dinink\u0173, Kauno, Vilniaus miest\u0173 ir [&hellip;]<\/p>\n","protected":false},"author":143,"featured_media":0,"parent":0,"menu_order":0,"comment_status":"closed","ping_status":"closed","template":"","meta":{"inline_featured_image":false,"footnotes":""},"class_list":["post-1922","page","type-page","status-publish","hentry"],"_links":{"self":[{"href":"https:\/\/blog.lnb.lt\/judaika\/wp-json\/wp\/v2\/pages\/1922","targetHints":{"allow":["GET"]}}],"collection":[{"href":"https:\/\/blog.lnb.lt\/judaika\/wp-json\/wp\/v2\/pages"}],"about":[{"href":"https:\/\/blog.lnb.lt\/judaika\/wp-json\/wp\/v2\/types\/page"}],"author":[{"embeddable":true,"href":"https:\/\/blog.lnb.lt\/judaika\/wp-json\/wp\/v2\/users\/143"}],"replies":[{"embeddable":true,"href":"https:\/\/blog.lnb.lt\/judaika\/wp-json\/wp\/v2\/comments?post=1922"}],"version-history":[{"count":0,"href":"https:\/\/blog.lnb.lt\/judaika\/wp-json\/wp\/v2\/pages\/1922\/revisions"}],"wp:attachment":[{"href":"https:\/\/blog.lnb.lt\/judaika\/wp-json\/wp\/v2\/media?parent=1922"}],"curies":[{"name":"wp","href":"https:\/\/api.w.org\/{rel}","templated":true}]}}