{"id":1974,"date":"2022-05-23T12:55:41","date_gmt":"2022-05-23T12:55:41","guid":{"rendered":"https:\/\/judaikostyrimucentras.com\/?page_id=1974"},"modified":"2022-05-23T12:55:41","modified_gmt":"2022-05-23T12:55:41","slug":"lektores-iai","status":"publish","type":"page","link":"https:\/\/blog.lnb.lt\/judaika\/lektores-iai\/","title":{"rendered":"Lektor\u0117s\/iai"},"content":{"rendered":"\n<p><\/p>\n\n\n\n<div class=\"wp-block-columns is-layout-flex wp-container-core-columns-is-layout-9d6595d7 wp-block-columns-is-layout-flex\">\n<div class=\"wp-block-column is-layout-flow wp-block-column-is-layout-flow\">\n<figure class=\"wp-block-image size-large\"><img loading=\"lazy\" decoding=\"async\" width=\"1080\" height=\"1080\" src=\"http:\/\/blog.lnb.lt\/judaika\/files\/2022\/05\/jurgita.jpg?w=1024\" alt=\"\" class=\"wp-image-2084\" srcset=\"https:\/\/blog.lnb.lt\/judaika\/files\/2022\/05\/jurgita.jpg 1080w, https:\/\/blog.lnb.lt\/judaika\/files\/2022\/05\/jurgita-300x300.jpg 300w, https:\/\/blog.lnb.lt\/judaika\/files\/2022\/05\/jurgita-1024x1024.jpg 1024w, https:\/\/blog.lnb.lt\/judaika\/files\/2022\/05\/jurgita-150x150.jpg 150w, https:\/\/blog.lnb.lt\/judaika\/files\/2022\/05\/jurgita-768x768.jpg 768w\" sizes=\"auto, (max-width: 1080px) 100vw, 1080px\" \/><\/figure>\n<\/div>\n\n\n\n<div class=\"wp-block-column is-layout-flow wp-block-column-is-layout-flow\">\n<p><strong>Prof. dr. Jurgita Verbickien\u0117<\/strong><\/p>\n\n\n\n<p>\u017dyd\u0173 istorijos tyrin\u0117toja, \u017eyd\u0173 studij\u0173 ir nekrik\u0161\u010dioni\u0161k\u0173 Lietuvos bendruomeni\u0173 istorijos bei paveldo krypties studij\u0173 k\u016br\u0117ja Vilniaus universitete (VU), Istorijos fakultete, VU Istorijos fakulteto Ryt\u0173 Europos \u017eyd\u0173 istorijos tyrim\u0173 centro vadov\u0117, VU vykdomos iniciatyvos \u201eGr\u012f\u017etanti atmintis\u201c id\u0117jos autor\u0117 ir pradinink\u0117, mokslini\u0173 publikacij\u0173 autor\u0117, edukator\u0117. Moksliniai interesai: Lietuvos \u017eyd\u0173 istorija ir paveldas, Lietuvos nekrik\u0161\u010dioni\u0161k\u0173 bendruomeni\u0173 istorija ir paveldas, LDK sociokult\u016brin\u0117 ir socioekonomin\u0117 istorija, antijudaizmas ir antisemtizmas, etniniai konfliktai, istorijos demografijos tyrimai. <\/p>\n<\/div>\n<\/div>\n\n\n\n<div class=\"wp-block-columns is-layout-flex wp-container-core-columns-is-layout-9d6595d7 wp-block-columns-is-layout-flex\">\n<div class=\"wp-block-column is-layout-flow wp-block-column-is-layout-flow\">\n<figure class=\"wp-block-image size-large\"><img loading=\"lazy\" decoding=\"async\" width=\"1080\" height=\"1080\" src=\"http:\/\/blog.lnb.lt\/judaika\/files\/2022\/05\/lara-ap.jpg?w=1024\" alt=\"\" class=\"wp-image-2083\" srcset=\"https:\/\/blog.lnb.lt\/judaika\/files\/2022\/05\/lara-ap.jpg 1080w, https:\/\/blog.lnb.lt\/judaika\/files\/2022\/05\/lara-ap-300x300.jpg 300w, https:\/\/blog.lnb.lt\/judaika\/files\/2022\/05\/lara-ap-1024x1024.jpg 1024w, https:\/\/blog.lnb.lt\/judaika\/files\/2022\/05\/lara-ap-150x150.jpg 150w, https:\/\/blog.lnb.lt\/judaika\/files\/2022\/05\/lara-ap-768x768.jpg 768w\" sizes=\"auto, (max-width: 1080px) 100vw, 1080px\" \/><\/figure>\n<\/div>\n\n\n\n<div class=\"wp-block-column is-layout-flow wp-block-column-is-layout-flow\">\n<p><strong>Dr. Lara Lempertien\u0117 <\/strong><\/p>\n\n\n\n<p>Lietuvos nacionalin\u0117s M. Ma\u017evydo bibliotekos (LNB) Dokumentinio paveldo tyrim\u0173 departamento Judaikos tyrim\u0173 centro vadov\u0117, \u017eyd\u0173 istorijos ir kult\u016bros tyr\u0117ja, knyg\u0173 sudarytoja ir bendraautor\u0117, mokslini\u0173 straipsni\u0173 autor\u0117. Tyrim\u0173 sritis \u2013 Europos ir Lietuvos \u017eyd\u0173 kult\u016bros istorija ir su ja susij\u0119 publikuoti bei rankra\u0161tiniai dokumentai. Tiria LNB Judaikos kolekcij\u0105, pristato j\u0105 akademinei ir pla\u010diajai visuomenei, konsultuoja \u017eyd\u0173 istorijos ir kult\u016bros tyr\u0117jus ir edukatorius. <\/p>\n<\/div>\n<\/div>\n\n\n\n<div class=\"wp-block-columns is-layout-flex wp-container-core-columns-is-layout-9d6595d7 wp-block-columns-is-layout-flex\">\n<div class=\"wp-block-column is-layout-flow wp-block-column-is-layout-flow\">\n<figure class=\"wp-block-image size-large\"><img loading=\"lazy\" decoding=\"async\" width=\"1080\" height=\"1080\" src=\"http:\/\/blog.lnb.lt\/judaika\/files\/2022\/05\/ugne-marija.jpg?w=1024\" alt=\"\" class=\"wp-image-2082\" srcset=\"https:\/\/blog.lnb.lt\/judaika\/files\/2022\/05\/ugne-marija.jpg 1080w, https:\/\/blog.lnb.lt\/judaika\/files\/2022\/05\/ugne-marija-300x300.jpg 300w, https:\/\/blog.lnb.lt\/judaika\/files\/2022\/05\/ugne-marija-1024x1024.jpg 1024w, https:\/\/blog.lnb.lt\/judaika\/files\/2022\/05\/ugne-marija-150x150.jpg 150w, https:\/\/blog.lnb.lt\/judaika\/files\/2022\/05\/ugne-marija-768x768.jpg 768w\" sizes=\"auto, (max-width: 1080px) 100vw, 1080px\" \/><\/figure>\n<\/div>\n\n\n\n<div class=\"wp-block-column is-layout-flow wp-block-column-is-layout-flow\">\n<p class=\"has-text-align-left\"><strong>Dr. Ugn\u0117 Marija Andrijauskait\u0117 <\/strong><\/p>\n\n\n\n<p class=\"has-text-align-left\">Istorik\u0117, nepriklausoma tyr\u0117ja, mokslo populiarintoja ir edukator\u0117. Istorijos moksl\u0173 daktaro laipsn\u012f \u012fgijo Vytauto Did\u017eiojo universitete. Moksliniai interesai \u2013 socialin\u0117, kult\u016bros ir sakytin\u0117 XX a. Lietuvos&nbsp;istorija&nbsp;bei mikroistorija. Tinklara\u0161\u010dio <a rel=\"noreferrer noopener\" href=\"https:\/\/nenuobodiistorike.tumblr.com\/\" target=\"_blank\">nenuobodiistorike.tumblr.com<\/a> autor\u0117. <\/p>\n<\/div>\n<\/div>\n\n\n\n<div class=\"wp-block-columns is-layout-flex wp-container-core-columns-is-layout-9d6595d7 wp-block-columns-is-layout-flex\">\n<div class=\"wp-block-column is-layout-flow wp-block-column-is-layout-flow\">\n<figure class=\"wp-block-image size-large\"><img loading=\"lazy\" decoding=\"async\" width=\"1080\" height=\"1080\" src=\"http:\/\/blog.lnb.lt\/judaika\/files\/2022\/05\/rimas.jpg?w=1024\" alt=\"\" class=\"wp-image-2081\" srcset=\"https:\/\/blog.lnb.lt\/judaika\/files\/2022\/05\/rimas.jpg 1080w, https:\/\/blog.lnb.lt\/judaika\/files\/2022\/05\/rimas-300x300.jpg 300w, https:\/\/blog.lnb.lt\/judaika\/files\/2022\/05\/rimas-1024x1024.jpg 1024w, https:\/\/blog.lnb.lt\/judaika\/files\/2022\/05\/rimas-150x150.jpg 150w, https:\/\/blog.lnb.lt\/judaika\/files\/2022\/05\/rimas-768x768.jpg 768w\" sizes=\"auto, (max-width: 1080px) 100vw, 1080px\" \/><\/figure>\n<\/div>\n\n\n\n<div class=\"wp-block-column is-layout-flow wp-block-column-is-layout-flow\">\n<p><strong>Dr. Rimantas Kmita <\/strong><\/p>\n\n\n\n<p>Ra\u0161ytojas, kult\u016bros istorijos tyrin\u0117tojas. Moksliniai interesai \u2013 literat\u016bros sociologija, lietuvi\u0173 sovietme\u010dio literat\u016bra. Romanas \u201ePietinia kronikas\u201c i\u0161rinktas Met\u0173 knyga, romanas \u201eRemyga\u201c nominuotas Met\u0173 knygos rinkimuose.&nbsp;D\u0117sto k\u016brybin\u012f ra\u0161ym\u0105 VU. <\/p>\n<\/div>\n<\/div>\n\n\n\n<div class=\"wp-block-columns is-layout-flex wp-container-core-columns-is-layout-9d6595d7 wp-block-columns-is-layout-flex\">\n<div class=\"wp-block-column is-layout-flow wp-block-column-is-layout-flow\">\n<figure class=\"wp-block-image size-large\"><img loading=\"lazy\" decoding=\"async\" width=\"1080\" height=\"1080\" src=\"http:\/\/blog.lnb.lt\/judaika\/files\/2022\/05\/akvile.jpg?w=1024\" alt=\"\" class=\"wp-image-2079\" srcset=\"https:\/\/blog.lnb.lt\/judaika\/files\/2022\/05\/akvile.jpg 1080w, https:\/\/blog.lnb.lt\/judaika\/files\/2022\/05\/akvile-300x300.jpg 300w, https:\/\/blog.lnb.lt\/judaika\/files\/2022\/05\/akvile-1024x1024.jpg 1024w, https:\/\/blog.lnb.lt\/judaika\/files\/2022\/05\/akvile-150x150.jpg 150w, https:\/\/blog.lnb.lt\/judaika\/files\/2022\/05\/akvile-768x768.jpg 768w\" sizes=\"auto, (max-width: 1080px) 100vw, 1080px\" \/><\/figure>\n<\/div>\n\n\n\n<div class=\"wp-block-column is-layout-flow wp-block-column-is-layout-flow\">\n<p><strong>Dr. Akvil\u0117 Naud\u017ei\u016bnien\u0117<\/strong><\/p>\n\n\n\n<p>Istorik\u0117, mokslini\u0173 publikacij\u0173 autor\u0117, d\u0117sto VU Istorijos fakultete, atlieka tiriam\u0105j\u012f bei mokslo populiarinimo darb\u0105 VU Istorijos fakulteto Ryt\u0173 Europos \u017eyd\u0173 istorijos tyrim\u0173 centre. Mokslini\u0173 interes\u0173 sritys: tautini\u0173 ma\u017eum\u0173 istorija Vidurio ir Ryt\u0173 Europoje XIX a.\u2013XX a, \u0161vietimo istorija Lietuvoje, istorijos didaktika, \u0161vietimo istorija Lietuvoje, istorin\u0117s atminties tyrimai. <\/p>\n<\/div>\n<\/div>\n\n\n\n<div class=\"wp-block-columns is-layout-flex wp-container-core-columns-is-layout-9d6595d7 wp-block-columns-is-layout-flex\">\n<div class=\"wp-block-column is-layout-flow wp-block-column-is-layout-flow\">\n<figure class=\"wp-block-image size-large\"><img loading=\"lazy\" decoding=\"async\" width=\"1080\" height=\"1080\" src=\"http:\/\/blog.lnb.lt\/judaika\/files\/2022\/06\/untitled-design-12.jpg?w=1024\" alt=\"\" class=\"wp-image-2109\" srcset=\"https:\/\/blog.lnb.lt\/judaika\/files\/2022\/06\/untitled-design-12.jpg 1080w, https:\/\/blog.lnb.lt\/judaika\/files\/2022\/06\/untitled-design-12-300x300.jpg 300w, https:\/\/blog.lnb.lt\/judaika\/files\/2022\/06\/untitled-design-12-1024x1024.jpg 1024w, https:\/\/blog.lnb.lt\/judaika\/files\/2022\/06\/untitled-design-12-150x150.jpg 150w, https:\/\/blog.lnb.lt\/judaika\/files\/2022\/06\/untitled-design-12-768x768.jpg 768w\" sizes=\"auto, (max-width: 1080px) 100vw, 1080px\" \/><\/figure>\n<\/div>\n\n\n\n<div class=\"wp-block-column is-layout-flow wp-block-column-is-layout-flow\">\n<p><strong>Dr. Dovil\u0117 Troskovait\u0117<\/strong><\/p>\n\n\n\n<p>Istorik\u0117, Vilniaus universiteto Istorijos fakulteto lektor\u0117. Moksliniai interesai \u2013 Lietuvos karaim\u0173 bendruomen\u0117s istorija, demografija, teisin\u0117s ir socialin\u0117s pad\u0117ties raida, Lenkijos ir Lietuvos nekrik\u0161\u010dioni\u0161k\u0173 bendruomeni\u0173 istorija XIX\u2013XX a., sekuliarios nekrik\u0161\u010dioni\u0173 tapatyb\u0117s formavimas XIX a. pab.\u2013XX a. pirmoje pus\u0117je, nekrik\u0161\u010dioni\u0161k\u0173 bendruomeni\u0173 kult\u016bra ir paveldas.<\/p>\n<\/div>\n<\/div>\n\n\n\n<div class=\"wp-block-columns is-layout-flex wp-container-core-columns-is-layout-9d6595d7 wp-block-columns-is-layout-flex\">\n<div class=\"wp-block-column is-layout-flow wp-block-column-is-layout-flow\">\n<figure class=\"wp-block-image size-large\"><img loading=\"lazy\" decoding=\"async\" width=\"1080\" height=\"1080\" src=\"http:\/\/blog.lnb.lt\/judaika\/files\/2022\/05\/julijana-2.jpg?w=1024\" alt=\"\" class=\"wp-image-2075\" srcset=\"https:\/\/blog.lnb.lt\/judaika\/files\/2022\/05\/julijana-2.jpg 1080w, https:\/\/blog.lnb.lt\/judaika\/files\/2022\/05\/julijana-2-300x300.jpg 300w, https:\/\/blog.lnb.lt\/judaika\/files\/2022\/05\/julijana-2-1024x1024.jpg 1024w, https:\/\/blog.lnb.lt\/judaika\/files\/2022\/05\/julijana-2-150x150.jpg 150w, https:\/\/blog.lnb.lt\/judaika\/files\/2022\/05\/julijana-2-768x768.jpg 768w\" sizes=\"auto, (max-width: 1080px) 100vw, 1080px\" \/><\/figure>\n<\/div>\n\n\n\n<div class=\"wp-block-column is-layout-flow wp-block-column-is-layout-flow\">\n<p><strong>Julijana Andriejauskien\u0117 <\/strong><\/p>\n\n\n\n<p>Istorik\u0117, LNB Dokumentinio paveldo tyrim\u0173 departamento Judaikos tyrim\u0173 centro vyr. tyr\u0117ja, Lietuvos istorijos instituto doktorant\u0117. Tyrin\u0117ja tarpukario Kauno \u017eyd\u0173 bendruomen\u0117s istorin\u012f ir kult\u016brin\u012f palikim\u0105, \u0161iuo metu susitelkusi \u012f Elija\u0161ev\u0173 \u0161eimos archyvo tyrim\u0105.<\/p>\n<\/div>\n<\/div>\n\n\n\n<div class=\"wp-block-columns is-layout-flex wp-container-core-columns-is-layout-9d6595d7 wp-block-columns-is-layout-flex\">\n<div class=\"wp-block-column is-layout-flow wp-block-column-is-layout-flow\">\n<figure class=\"wp-block-image size-large\"><img loading=\"lazy\" decoding=\"async\" width=\"1080\" height=\"1080\" src=\"http:\/\/blog.lnb.lt\/judaika\/files\/2022\/05\/ruta.jpg?w=1024\" alt=\"\" class=\"wp-image-2085\" srcset=\"https:\/\/blog.lnb.lt\/judaika\/files\/2022\/05\/ruta.jpg 1080w, https:\/\/blog.lnb.lt\/judaika\/files\/2022\/05\/ruta-300x300.jpg 300w, https:\/\/blog.lnb.lt\/judaika\/files\/2022\/05\/ruta-1024x1024.jpg 1024w, https:\/\/blog.lnb.lt\/judaika\/files\/2022\/05\/ruta-150x150.jpg 150w, https:\/\/blog.lnb.lt\/judaika\/files\/2022\/05\/ruta-768x768.jpg 768w\" sizes=\"auto, (max-width: 1080px) 100vw, 1080px\" \/><\/figure>\n<\/div>\n\n\n\n<div class=\"wp-block-column is-layout-flow wp-block-column-is-layout-flow\">\n<p><strong>R\u016bta Anulyt\u0117 <\/strong><\/p>\n\n\n\n<p>Istorik\u0117, \u017eyd\u0173 istorijos ir kult\u016bros tyrin\u0117toja, paveldo specialist\u0117, Vilniaus universiteto Istorijos fakulteto doktorant\u0117, edukator\u0117. Akademinio dom\u0117jimosi sritis \u2013 senosios \u017eyd\u0173 kapin\u0117s. M\u0117gstamiausia veikla&nbsp;yra&nbsp;Lietuvos region\u0173 \u017eyd\u0173 istorija: lokaliniai ir genealoginiai tyrimai, \u017eyd\u0173 kilm\u0117s asmenybi\u0173 ir \u0161eim\u0173 istorij\u0173 paie\u0161ka, rekonstrukcija, sklaida.&nbsp;<\/p>\n<\/div>\n<\/div>\n\n\n\n<div class=\"wp-block-columns is-layout-flex wp-container-core-columns-is-layout-9d6595d7 wp-block-columns-is-layout-flex\">\n<div class=\"wp-block-column is-layout-flow wp-block-column-is-layout-flow\">\n<figure class=\"wp-block-image size-large\"><img loading=\"lazy\" decoding=\"async\" width=\"1080\" height=\"1080\" src=\"http:\/\/blog.lnb.lt\/judaika\/files\/2022\/05\/migle-2.jpg?w=1024\" alt=\"\" class=\"wp-image-2077\" srcset=\"https:\/\/blog.lnb.lt\/judaika\/files\/2022\/05\/migle-2.jpg 1080w, https:\/\/blog.lnb.lt\/judaika\/files\/2022\/05\/migle-2-300x300.jpg 300w, https:\/\/blog.lnb.lt\/judaika\/files\/2022\/05\/migle-2-1024x1024.jpg 1024w, https:\/\/blog.lnb.lt\/judaika\/files\/2022\/05\/migle-2-150x150.jpg 150w, https:\/\/blog.lnb.lt\/judaika\/files\/2022\/05\/migle-2-768x768.jpg 768w\" sizes=\"auto, (max-width: 1080px) 100vw, 1080px\" \/><\/figure>\n<\/div>\n\n\n\n<div class=\"wp-block-column is-layout-flow wp-block-column-is-layout-flow\">\n<p><strong>Migl\u0117 Anu\u0161auskait\u0117<\/strong><\/p>\n\n\n\n<p>\u017dyd\u0173 istorijos ir kult\u016bros tyrin\u0117toja, semiotik\u0117, vert\u0117ja, meninink\u0117, komiks\u0173 k\u016br\u0117ja, pie\u0161tomis knygomis ir internete publikuojamomis istorijomis prisid\u0117jusi prie komiks\u0173 \u017eanro suklest\u0117jimo Lietuvoje. Viena tyrim\u0173 sri\u010di\u0173 \u2013 tarpukario \u017eyd\u0173 jaunimo autobiografijos. Baig\u0117 \u017eurnalistikos bakalauro ir semiotikos magistro studijas VU, ver\u010dia poezijos ir prozos tekstus i\u0161 jidi\u0161 kalbos bei judaikos tekstus \u2013 i\u0161 angl\u0173.<\/p>\n<\/div>\n<\/div>\n\n\n\n<div class=\"wp-block-columns is-layout-flex wp-container-core-columns-is-layout-9d6595d7 wp-block-columns-is-layout-flex\">\n<div class=\"wp-block-column is-layout-flow wp-block-column-is-layout-flow\">\n<figure class=\"wp-block-image size-large\"><img loading=\"lazy\" decoding=\"async\" width=\"1080\" height=\"1080\" src=\"http:\/\/blog.lnb.lt\/judaika\/files\/2022\/05\/raminta.jpg?w=1024\" alt=\"\" class=\"wp-image-2076\" srcset=\"https:\/\/blog.lnb.lt\/judaika\/files\/2022\/05\/raminta.jpg 1080w, https:\/\/blog.lnb.lt\/judaika\/files\/2022\/05\/raminta-300x300.jpg 300w, https:\/\/blog.lnb.lt\/judaika\/files\/2022\/05\/raminta-1024x1024.jpg 1024w, https:\/\/blog.lnb.lt\/judaika\/files\/2022\/05\/raminta-150x150.jpg 150w, https:\/\/blog.lnb.lt\/judaika\/files\/2022\/05\/raminta-768x768.jpg 768w\" sizes=\"auto, (max-width: 1080px) 100vw, 1080px\" \/><\/figure>\n<\/div>\n\n\n\n<div class=\"wp-block-column is-layout-flow wp-block-column-is-layout-flow\">\n<p><strong>Raminta Bindokait\u0117-Tamulynien\u0117<\/strong><\/p>\n\n\n\n<p class=\"has-text-align-left\">VU baig\u0117 archeologijos magistro studijas. Lietuvos valstyb\u0117s istorijos archyvo (LVIA) informacijos ir sklaidos skyriaus vyr. specialist\u0117. \u201ePirm\u0105 kart\u0105 \u012f Lietuvos valstyb\u0117s istorijos archyv\u0105 at\u0117jau 2012 m. atlikti praktikos ir ie\u0161koti \u0161altini\u0173 savo magistro darbui, taip ir likau \u010dia iki dabar. Nuo 2018 m. \u0117miau labiau dom\u0117tis LVIA saugomais dokumentais, susijusiais su \u017eyd\u0173 istorija\u201c. Padeda tyrin\u0117tojams nepask\u0119sti archyvuose.<\/p>\n<\/div>\n<\/div>\n\n\n\n<div class=\"wp-block-columns is-layout-flex wp-container-core-columns-is-layout-9d6595d7 wp-block-columns-is-layout-flex\">\n<div class=\"wp-block-column is-layout-flow wp-block-column-is-layout-flow\">\n<figure class=\"wp-block-image size-large\"><img loading=\"lazy\" decoding=\"async\" width=\"1080\" height=\"1080\" src=\"http:\/\/blog.lnb.lt\/judaika\/files\/2022\/05\/giedrius.jpg?w=1024\" alt=\"\" class=\"wp-image-2074\" srcset=\"https:\/\/blog.lnb.lt\/judaika\/files\/2022\/05\/giedrius.jpg 1080w, https:\/\/blog.lnb.lt\/judaika\/files\/2022\/05\/giedrius-300x300.jpg 300w, https:\/\/blog.lnb.lt\/judaika\/files\/2022\/05\/giedrius-1024x1024.jpg 1024w, https:\/\/blog.lnb.lt\/judaika\/files\/2022\/05\/giedrius-150x150.jpg 150w, https:\/\/blog.lnb.lt\/judaika\/files\/2022\/05\/giedrius-768x768.jpg 768w\" sizes=\"auto, (max-width: 1080px) 100vw, 1080px\" \/><\/figure>\n<\/div>\n\n\n\n<div class=\"wp-block-column is-layout-flow wp-block-column-is-layout-flow\">\n<p><strong>Giedrius Jokubauskis<\/strong><\/p>\n\n\n\n<p>Tyrin\u0117tojas, diplomatas, istorin\u0117s atminties entuziastas, vietos istorij\u0105 tyrin\u0117jusi\u0173 ekspedicij\u0173 dalyvis, menininkas. Fotografijos eksponuotos personalin\u0117se ir grupin\u0117se parodose Niujorke (JAV), Barselonoje (Ispanija), Vilniuje (Lietuva), Baku (Azerbaid\u017eanas), Budape\u0161te (Vengrija), j\u0173 yra \u012fsigijusios priva\u010dios kolekcijose JAV ir Europoje.<\/p>\n<\/div>\n<\/div>\n\n\n\n<div class=\"wp-block-columns is-layout-flex wp-container-core-columns-is-layout-9d6595d7 wp-block-columns-is-layout-flex\">\n<div class=\"wp-block-column is-layout-flow wp-block-column-is-layout-flow\" style=\"flex-basis:50%\"><\/div>\n\n\n\n<div class=\"wp-block-column is-layout-flow wp-block-column-is-layout-flow\" style=\"flex-basis:50%\">\n<p><\/p>\n<\/div>\n<\/div>\n\n\n\n<div class=\"wp-block-columns is-layout-flex wp-container-core-columns-is-layout-9d6595d7 wp-block-columns-is-layout-flex\">\n<div class=\"wp-block-column is-layout-flow wp-block-column-is-layout-flow\">\n<figure class=\"wp-block-image size-large\"><img loading=\"lazy\" decoding=\"async\" width=\"1080\" height=\"1080\" src=\"http:\/\/blog.lnb.lt\/judaika\/files\/2022\/05\/saule.jpg?w=1024\" alt=\"\" class=\"wp-image-2086\" srcset=\"https:\/\/blog.lnb.lt\/judaika\/files\/2022\/05\/saule.jpg 1080w, https:\/\/blog.lnb.lt\/judaika\/files\/2022\/05\/saule-300x300.jpg 300w, https:\/\/blog.lnb.lt\/judaika\/files\/2022\/05\/saule-1024x1024.jpg 1024w, https:\/\/blog.lnb.lt\/judaika\/files\/2022\/05\/saule-150x150.jpg 150w, https:\/\/blog.lnb.lt\/judaika\/files\/2022\/05\/saule-768x768.jpg 768w\" sizes=\"auto, (max-width: 1080px) 100vw, 1080px\" \/><\/figure>\n<\/div>\n\n\n\n<div class=\"wp-block-column is-layout-flow wp-block-column-is-layout-flow\">\n<p><strong>Saul\u0117 Vali\u016bnait\u0117 <\/strong><\/p>\n\n\n\n<p>Istorik\u0117, Vilniaus universiteto doktorant\u0117, iki 2022 m. \u2013 Vilniaus Gaono \u017eyd\u0173 istorijos muziejaus (VG\u017dIM) darbuotoja, Lietuvos \u017eyd\u0173 kult\u016bros ir tapatyb\u0117s muziejaus ekspozicijos kurator\u0117. Vert\u0117ja. <\/p>\n<\/div>\n<\/div>\n\n\n\n<div class=\"wp-block-columns is-layout-flex wp-container-core-columns-is-layout-9d6595d7 wp-block-columns-is-layout-flex\">\n<div class=\"wp-block-column is-layout-flow wp-block-column-is-layout-flow\">\n<figure class=\"wp-block-image size-large\"><img loading=\"lazy\" decoding=\"async\" width=\"1080\" height=\"1080\" src=\"http:\/\/blog.lnb.lt\/judaika\/files\/2022\/11\/neringa-1.jpg?w=1024\" alt=\"\" class=\"wp-image-2977\" srcset=\"https:\/\/blog.lnb.lt\/judaika\/files\/2022\/11\/neringa-1.jpg 1080w, https:\/\/blog.lnb.lt\/judaika\/files\/2022\/11\/neringa-1-300x300.jpg 300w, https:\/\/blog.lnb.lt\/judaika\/files\/2022\/11\/neringa-1-1024x1024.jpg 1024w, https:\/\/blog.lnb.lt\/judaika\/files\/2022\/11\/neringa-1-150x150.jpg 150w, https:\/\/blog.lnb.lt\/judaika\/files\/2022\/11\/neringa-1-768x768.jpg 768w\" sizes=\"auto, (max-width: 1080px) 100vw, 1080px\" \/><\/figure>\n<\/div>\n\n\n\n<div class=\"wp-block-column is-layout-flow wp-block-column-is-layout-flow\">\n<p><strong>Neringa Latvyt\u0117  <\/strong><\/p>\n\n\n\n<p>Istorik\u0117, tyr\u0117ja, keli\u0173 knyg\u0173 apie Holokaust\u0105 Lietuvoje autor\u0117, rengia daktaro disertacij\u0105 apie Holokausto memorialini\u0173 viet\u0173 komunikacij\u0105 Vilniaus universiteto Komunikacijos fakultete, kur taip pat d\u0117sto traumin\u0117s atminties ir kult\u016bros paveldo komunikacij\u0105. Mokslinink\u0117 yra paskelbusi kelet\u0105 straipsni\u0173 apie traumin\u0117s praeities \u012fam\u017einim\u0105 Lietuvoje,\u00a0yra moter\u0173 likimus Holokauste ir traumin\u0117s nei\u0161sakytos atminties perdavimo i\u0161\u0161\u016bkius atskleid\u017eian\u010dios parodos \u201eGydant sielos \u017eaizdas\u201c kurator\u0117.\u00a0<\/p>\n<\/div>\n<\/div>\n\n\n\n<div class=\"wp-block-columns is-layout-flex wp-container-core-columns-is-layout-9d6595d7 wp-block-columns-is-layout-flex\">\n<div class=\"wp-block-column is-layout-flow wp-block-column-is-layout-flow\">\n<figure class=\"wp-block-image size-large\"><img loading=\"lazy\" decoding=\"async\" width=\"1080\" height=\"1080\" src=\"http:\/\/blog.lnb.lt\/judaika\/files\/2022\/11\/naron.jpg?w=1024\" alt=\"\" class=\"wp-image-2981\" srcset=\"https:\/\/blog.lnb.lt\/judaika\/files\/2022\/11\/naron.jpg 1080w, https:\/\/blog.lnb.lt\/judaika\/files\/2022\/11\/naron-300x300.jpg 300w, https:\/\/blog.lnb.lt\/judaika\/files\/2022\/11\/naron-1024x1024.jpg 1024w, https:\/\/blog.lnb.lt\/judaika\/files\/2022\/11\/naron-150x150.jpg 150w, https:\/\/blog.lnb.lt\/judaika\/files\/2022\/11\/naron-768x768.jpg 768w\" sizes=\"auto, (max-width: 1080px) 100vw, 1080px\" \/><\/figure>\n<\/div>\n\n\n\n<div class=\"wp-block-column is-layout-flow wp-block-column-is-layout-flow\">\n<p><strong>Stephen&nbsp;Naron<\/strong><\/p>\n\n\n\n<p>Archyvaras, bibliotekininkas, studijavo Teksaso universitete (JAV) Berlyno laisvajame universitete ir Berlyno technikos universiteto Antisemitizmo tyrim\u0173 centre (Vokietija), daugiau nei 12 met\u0173 dirba Fortunoff archyve, prad\u0117j\u0119s nuo archyvaro pareig\u0173. Vadovaudamas archyvui, pristato j\u012f konferencijose, simpoziumuose, paskaitose Jeilio universitete ir pasaulyje.&nbsp;&nbsp;<\/p>\n<\/div>\n<\/div>\n\n\n\n<div class=\"wp-block-columns is-layout-flex wp-container-core-columns-is-layout-9d6595d7 wp-block-columns-is-layout-flex\">\n<div class=\"wp-block-column is-layout-flow wp-block-column-is-layout-flow\" style=\"flex-basis:100%\">\n<p>Seminar\u0173 cikl\u0105 \u201eKelias \u012f Lietuvos \u017eyd\u0173 istorijos ir kult\u016bros paveldo pa\u017einim\u0105\u201c organizavo LNB DPTD Judaikos tyrim\u0173 centras, finansavo Lietuvos kult\u016bros taryba.  <\/p>\n<\/div>\n<\/div>\n\n\n\n<figure class=\"wp-block-image size-large\"><img loading=\"lazy\" decoding=\"async\" width=\"1403\" height=\"242\" src=\"http:\/\/blog.lnb.lt\/judaika\/files\/2022\/11\/logo.jpg?w=1024\" alt=\"\" class=\"wp-image-2882\" srcset=\"https:\/\/blog.lnb.lt\/judaika\/files\/2022\/11\/logo.jpg 1403w, https:\/\/blog.lnb.lt\/judaika\/files\/2022\/11\/logo-300x52.jpg 300w, https:\/\/blog.lnb.lt\/judaika\/files\/2022\/11\/logo-1024x177.jpg 1024w, https:\/\/blog.lnb.lt\/judaika\/files\/2022\/11\/logo-768x132.jpg 768w\" sizes=\"auto, (max-width: 1403px) 100vw, 1403px\" \/><\/figure>\n","protected":false},"excerpt":{"rendered":"<p>Prof. dr. Jurgita Verbickien\u0117 \u017dyd\u0173 istorijos tyrin\u0117toja, \u017eyd\u0173 studij\u0173 ir nekrik\u0161\u010dioni\u0161k\u0173 Lietuvos bendruomeni\u0173 istorijos bei paveldo krypties studij\u0173 k\u016br\u0117ja Vilniaus universitete (VU), Istorijos fakultete, VU Istorijos fakulteto Ryt\u0173 Europos \u017eyd\u0173 istorijos tyrim\u0173 centro vadov\u0117, VU vykdomos iniciatyvos \u201eGr\u012f\u017etanti atmintis\u201c id\u0117jos autor\u0117 ir pradinink\u0117, mokslini\u0173 publikacij\u0173 autor\u0117, edukator\u0117. Moksliniai interesai: Lietuvos \u017eyd\u0173 istorija ir paveldas, Lietuvos [&hellip;]<\/p>\n","protected":false},"author":143,"featured_media":0,"parent":0,"menu_order":0,"comment_status":"closed","ping_status":"closed","template":"","meta":{"inline_featured_image":false,"footnotes":""},"class_list":["post-1974","page","type-page","status-publish","hentry"],"_links":{"self":[{"href":"https:\/\/blog.lnb.lt\/judaika\/wp-json\/wp\/v2\/pages\/1974","targetHints":{"allow":["GET"]}}],"collection":[{"href":"https:\/\/blog.lnb.lt\/judaika\/wp-json\/wp\/v2\/pages"}],"about":[{"href":"https:\/\/blog.lnb.lt\/judaika\/wp-json\/wp\/v2\/types\/page"}],"author":[{"embeddable":true,"href":"https:\/\/blog.lnb.lt\/judaika\/wp-json\/wp\/v2\/users\/143"}],"replies":[{"embeddable":true,"href":"https:\/\/blog.lnb.lt\/judaika\/wp-json\/wp\/v2\/comments?post=1974"}],"version-history":[{"count":0,"href":"https:\/\/blog.lnb.lt\/judaika\/wp-json\/wp\/v2\/pages\/1974\/revisions"}],"wp:attachment":[{"href":"https:\/\/blog.lnb.lt\/judaika\/wp-json\/wp\/v2\/media?parent=1974"}],"curies":[{"name":"wp","href":"https:\/\/api.w.org\/{rel}","templated":true}]}}