{"id":3425,"date":"2017-02-08T08:16:50","date_gmt":"2017-02-08T08:16:50","guid":{"rendered":"https:\/\/judaikostyrimucentras.wordpress.com\/?page_id=3"},"modified":"2025-10-02T07:49:53","modified_gmt":"2025-10-02T05:49:53","slug":"about","status":"publish","type":"page","link":"https:\/\/blog.lnb.lt\/judaika\/about\/","title":{"rendered":"Apie"},"content":{"rendered":"\n\t\t<style type=\"text\/css\">\n\t\t\t#gallery-1 {\n\t\t\t\tmargin: auto;\n\t\t\t}\n\t\t\t#gallery-1 .gallery-item {\n\t\t\t\tfloat: left;\n\t\t\t\tmargin-top: 10px;\n\t\t\t\ttext-align: center;\n\t\t\t\twidth: 50%;\n\t\t\t}\n\t\t\t#gallery-1 img {\n\t\t\t\tborder: 2px solid #cfcfcf;\n\t\t\t}\n\t\t\t#gallery-1 .gallery-caption {\n\t\t\t\tmargin-left: 0;\n\t\t\t}\n\t\t\t\/* see gallery_shortcode() in wp-includes\/media.php *\/\n\t\t<\/style>\n\t\t<div id='gallery-1' class='gallery galleryid-3425 gallery-columns-2 gallery-size-thumbnail'><dl class='gallery-item'>\n\t\t\t<dt class='gallery-icon landscape'>\n\t\t\t\t<a href='https:\/\/blog.lnb.lt\/judaika\/judaika-rudas-2\/'><img loading=\"lazy\" decoding=\"async\" width=\"150\" height=\"150\" src=\"https:\/\/blog.lnb.lt\/judaika\/files\/2020\/01\/judaika-rudas-150x150.jpg\" class=\"attachment-thumbnail size-thumbnail\" alt=\"\" \/><\/a>\n\t\t\t<\/dt><\/dl><dl class='gallery-item'>\n\t\t\t<dt class='gallery-icon landscape'>\n\t\t\t\t<a href='https:\/\/blog.lnb.lt\/judaika\/about\/lnb-logo-2\/'><img loading=\"lazy\" decoding=\"async\" width=\"150\" height=\"150\" src=\"https:\/\/blog.lnb.lt\/judaika\/files\/2020\/01\/lnb-logo-1-150x150.jpg\" class=\"attachment-thumbnail size-thumbnail\" alt=\"\" \/><\/a>\n\t\t\t<\/dt><\/dl><br style=\"clear: both\" \/>\n\t\t<\/div>\n\n<p style=\"text-align: justify\">Lietuvos Nacionalin\u0117je Martyno Ma\u017evydo bibliotekoje 2017 met\u0173 gegu\u017e\u0117s 3 d. \u012fsteigtas Judaikos tyrim\u0173 centras, kurio pagrindin\u0117 u\u017eduotis yra u\u017etikrinti Judaikos tyrim\u0173, edukacini\u0173-informacini\u0173 ir leidybini\u0173 projekt\u0173 organizavim\u0105, \u012fgyvendinim\u0105 ir sklaid\u0105, parod\u0173 rengim\u0105, Judaikos fondo vie\u0161inim\u0105.<\/p>\n<div id=\"attachment_3787\" style=\"width: 2570px\" class=\"wp-caption aligncenter\"><img loading=\"lazy\" decoding=\"async\" aria-describedby=\"caption-attachment-3787\" class=\"wp-image-3787 size-full\" src=\"http:\/\/blog.lnb.lt\/judaika\/files\/2025\/10\/20250930_1114-_G4A3100-scaled.jpg\" alt=\"\" width=\"2560\" height=\"1707\" srcset=\"https:\/\/blog.lnb.lt\/judaika\/files\/2025\/10\/20250930_1114-_G4A3100-scaled.jpg 2560w, https:\/\/blog.lnb.lt\/judaika\/files\/2025\/10\/20250930_1114-_G4A3100-300x200.jpg 300w, https:\/\/blog.lnb.lt\/judaika\/files\/2025\/10\/20250930_1114-_G4A3100-1024x683.jpg 1024w, https:\/\/blog.lnb.lt\/judaika\/files\/2025\/10\/20250930_1114-_G4A3100-768x512.jpg 768w, https:\/\/blog.lnb.lt\/judaika\/files\/2025\/10\/20250930_1114-_G4A3100-1536x1024.jpg 1536w, https:\/\/blog.lnb.lt\/judaika\/files\/2025\/10\/20250930_1114-_G4A3100-2048x1365.jpg 2048w, https:\/\/blog.lnb.lt\/judaika\/files\/2025\/10\/20250930_1114-_G4A3100-816x544.jpg 816w\" sizes=\"auto, (max-width: 2560px) 100vw, 2560px\" \/><p id=\"caption-attachment-3787\" class=\"wp-caption-text\">Judaikos tyrim\u0173 centro kolektyvas 2025 m.<\/p><\/div>\n<p style=\"text-align: center\">\n","protected":false},"excerpt":{"rendered":"<p>This is just a short excerpt for the about&nbsp;page.<\/p>\n","protected":false},"author":143,"featured_media":0,"parent":0,"menu_order":1,"comment_status":"closed","ping_status":"closed","template":"","meta":{"inline_featured_image":false,"footnotes":""},"class_list":["post-3425","page","type-page","status-publish","hentry"],"_links":{"self":[{"href":"https:\/\/blog.lnb.lt\/judaika\/wp-json\/wp\/v2\/pages\/3425","targetHints":{"allow":["GET"]}}],"collection":[{"href":"https:\/\/blog.lnb.lt\/judaika\/wp-json\/wp\/v2\/pages"}],"about":[{"href":"https:\/\/blog.lnb.lt\/judaika\/wp-json\/wp\/v2\/types\/page"}],"author":[{"embeddable":true,"href":"https:\/\/blog.lnb.lt\/judaika\/wp-json\/wp\/v2\/users\/143"}],"replies":[{"embeddable":true,"href":"https:\/\/blog.lnb.lt\/judaika\/wp-json\/wp\/v2\/comments?post=3425"}],"version-history":[{"count":0,"href":"https:\/\/blog.lnb.lt\/judaika\/wp-json\/wp\/v2\/pages\/3425\/revisions"}],"wp:attachment":[{"href":"https:\/\/blog.lnb.lt\/judaika\/wp-json\/wp\/v2\/media?parent=3425"}],"curies":[{"name":"wp","href":"https:\/\/api.w.org\/{rel}","templated":true}]}}