{"id":3426,"date":"2017-02-08T08:16:49","date_gmt":"2017-02-08T08:16:49","guid":{"rendered":"https:\/\/judaikostyrimucentras.wordpress.com\/?page_id=4"},"modified":"2025-10-02T07:52:01","modified_gmt":"2025-10-02T05:52:01","slug":"contact","status":"publish","type":"page","link":"https:\/\/blog.lnb.lt\/judaika\/contact\/","title":{"rendered":"Kontaktai"},"content":{"rendered":"<p>Lietuvos Nacionalin\u0117s Martyno Ma\u017evydo bibliotekos Judaikos tyrim\u0173 centras<\/p>\n<p><a href=\"https:\/\/goo.gl\/maps\/fxmnLC5QN3SPABJW9\">Gedimino pr. 51, Vilnius, Lithuania<\/a>, 506 kab.<\/p>\n<p>Skambinti (0-5) 239 8699<\/p>\n<p><a href=\"mailto:larisa.lempertiene@lnb.lt\">larisa.lempertiene@lnb.lt<\/a><\/p>\n<p><a href=\"mailto:ruta.bloshtein@lnb.lt\">ruta.bloshtein@lnb.lt<\/a><\/p>\n<p><a href=\"mailto:mangirdas.bumblauskas@lnb.lt\">mangirdas.bumblauskas@lnb.lt<\/a><\/p>\n<p><a href=\"mailto:aiste.puidokaite@lnb.lt\">aiste.puidokaite@lnb.lt<\/a><\/p>\n<p><a href=\"mailto:rasa.stakauskaite@lnb.lt\">rasa.stakauskaite@lnb.lt<\/a><\/p>\n<p><a href=\"mailto:aiste.niunkaite@lnb.lt\">aiste.niunkaite@lnb.lt<\/a><\/p>\n<p><a href=\"mailto:ausrele.pazeraite@lnb.lt\">ausrele.pazeraite@lnb.lt<\/a><\/p>\n<p>&nbsp;<\/p>\n","protected":false},"excerpt":{"rendered":"<p>This is just a short excerpt for the contact&nbsp;page.<\/p>\n","protected":false},"author":143,"featured_media":0,"parent":0,"menu_order":2,"comment_status":"closed","ping_status":"closed","template":"","meta":{"inline_featured_image":false,"footnotes":""},"class_list":["post-3426","page","type-page","status-publish","hentry"],"_links":{"self":[{"href":"https:\/\/blog.lnb.lt\/judaika\/wp-json\/wp\/v2\/pages\/3426","targetHints":{"allow":["GET"]}}],"collection":[{"href":"https:\/\/blog.lnb.lt\/judaika\/wp-json\/wp\/v2\/pages"}],"about":[{"href":"https:\/\/blog.lnb.lt\/judaika\/wp-json\/wp\/v2\/types\/page"}],"author":[{"embeddable":true,"href":"https:\/\/blog.lnb.lt\/judaika\/wp-json\/wp\/v2\/users\/143"}],"replies":[{"embeddable":true,"href":"https:\/\/blog.lnb.lt\/judaika\/wp-json\/wp\/v2\/comments?post=3426"}],"version-history":[{"count":0,"href":"https:\/\/blog.lnb.lt\/judaika\/wp-json\/wp\/v2\/pages\/3426\/revisions"}],"wp:attachment":[{"href":"https:\/\/blog.lnb.lt\/judaika\/wp-json\/wp\/v2\/media?parent=3426"}],"curies":[{"name":"wp","href":"https:\/\/api.w.org\/{rel}","templated":true}]}}