{"id":1655,"date":"2014-04-18T10:31:54","date_gmt":"2014-04-18T07:31:54","guid":{"rendered":"http:\/\/blog.lnb.lt\/lituanikosskyrius\/?page_id=1655"},"modified":"2021-03-18T14:05:21","modified_gmt":"2021-03-18T12:05:21","slug":"exhibitions","status":"publish","type":"page","link":"https:\/\/blog.lnb.lt\/lituanistika\/exhibitions\/","title":{"rendered":"Exhibitions"},"content":{"rendered":"<p><img loading=\"lazy\" decoding=\"async\" class=\"aligncenter size-full wp-image-4353\" src=\"https:\/\/blog.lnb.lt\/lituanistika\/files\/2020\/01\/4d3de059b61d4c09ba180b8966ef6bb6.jpg\" alt=\"\" width=\"600\" height=\"450\" srcset=\"https:\/\/blog.lnb.lt\/lituanistika\/files\/2020\/01\/4d3de059b61d4c09ba180b8966ef6bb6.jpg 600w, https:\/\/blog.lnb.lt\/lituanistika\/files\/2020\/01\/4d3de059b61d4c09ba180b8966ef6bb6-300x225.jpg 300w, https:\/\/blog.lnb.lt\/lituanistika\/files\/2020\/01\/4d3de059b61d4c09ba180b8966ef6bb6-250x188.jpg 250w\" sizes=\"auto, (max-width: 600px) 85vw, 600px\" \/><\/p>\n<p><strong>Exhibition<a href=\"http:\/\/parodos.lnb.lt\/en\/exhibits\/show\/the-lithuanian-writers-associa\"><em>&nbsp;The Lithuanian Writers\u2019 Association: Seven Decades of History<\/em><\/a><\/strong><\/p>\n<hr>\n<p><img loading=\"lazy\" decoding=\"async\" class=\"aligncenter size-full wp-image-4355\" src=\"https:\/\/blog.lnb.lt\/lituanistika\/files\/2020\/01\/200eeda6564941fb62cd488fa78add49.jpg\" alt=\"\" width=\"600\" height=\"600\" srcset=\"https:\/\/blog.lnb.lt\/lituanistika\/files\/2020\/01\/200eeda6564941fb62cd488fa78add49.jpg 600w, https:\/\/blog.lnb.lt\/lituanistika\/files\/2020\/01\/200eeda6564941fb62cd488fa78add49-300x300.jpg 300w, https:\/\/blog.lnb.lt\/lituanistika\/files\/2020\/01\/200eeda6564941fb62cd488fa78add49-250x250.jpg 250w\" sizes=\"auto, (max-width: 600px) 85vw, 600px\" \/><\/p>\n<p><strong>Exhibition<\/strong><em><strong> <a title=\"\u201cNo, My Friends, We Won\u2019t Go Slow\u201d. The Restoration of Lithuania\u2019s Independence in the Pages of the World Press in 1990\" href=\"http:\/\/parodos.lnb.lt\/en\/exhibits\/show\/paroda-kovo-11\" target=\"_blank\" rel=\"noopener noreferrer\">\u201cNo, My Friends, We Won\u2019t Go Slow\u201d. The Restoration of Lithuania\u2019s Independence in the Pages of the World Press in 1990<\/a><\/strong><\/em><\/p>\n<hr>\n<p><img loading=\"lazy\" decoding=\"async\" class=\"aligncenter size-full wp-image-4356\" src=\"https:\/\/blog.lnb.lt\/lituanistika\/files\/2020\/01\/L_F2335_A1_L386_P010.jpg\" alt=\"\" width=\"639\" height=\"456\" srcset=\"https:\/\/blog.lnb.lt\/lituanistika\/files\/2020\/01\/L_F2335_A1_L386_P010.jpg 639w, https:\/\/blog.lnb.lt\/lituanistika\/files\/2020\/01\/L_F2335_A1_L386_P010-300x214.jpg 300w, https:\/\/blog.lnb.lt\/lituanistika\/files\/2020\/01\/L_F2335_A1_L386_P010-250x178.jpg 250w\" sizes=\"auto, (max-width: 639px) 85vw, 639px\" \/><\/p>\n<p><strong>Exhibition<\/strong> <a href=\"http:\/\/www.archiv.org.lv\/baltic_dp_germany\/\" target=\"_blank\" rel=\"noopener noreferrer\"><em><strong>Camps in Germany for refugees from Baltic countries, 1944-1951<\/strong><\/em><\/a><\/p>\n\n\n<hr class=\"wp-block-separator\" \/>\n\n\n\n<div class=\"wp-block-image\"><figure class=\"aligncenter size-large\"><img loading=\"lazy\" decoding=\"async\" width=\"504\" height=\"504\" src=\"https:\/\/blog.lnb.lt\/lituanistika\/files\/2020\/10\/virtual-exhibition-2-1.jpg\" alt=\"\" class=\"wp-image-4807\" srcset=\"https:\/\/blog.lnb.lt\/lituanistika\/files\/2020\/10\/virtual-exhibition-2-1.jpg 504w, https:\/\/blog.lnb.lt\/lituanistika\/files\/2020\/10\/virtual-exhibition-2-1-300x300.jpg 300w, https:\/\/blog.lnb.lt\/lituanistika\/files\/2020\/10\/virtual-exhibition-2-1-250x250.jpg 250w\" sizes=\"auto, (max-width: 504px) 85vw, 504px\" \/><\/figure><\/div>\n\n\n\n<p><strong>Exhibition <\/strong><em><strong><a href=\"https:\/\/parodos.lnb.lt\/en\/exhibits\/show\/lithuanian-press-in-the-diaspo\">Lithuanian Press in the Diaspora Post-1990<\/a><\/strong><\/em> <\/p>\n\n\n\n<p>We kindly thank Ram\u016bn\u0117 Sakalait\u0117 Jonaitis, one of the editors of the digital Lithuanian-Canadian&nbsp;<em>T\u0117vi\u0161k\u0117s \u017diburiai<\/em>&nbsp;(<em>The Lights of Homeland<\/em>), for translating the exhibition into English.<\/p>\n","protected":false},"excerpt":{"rendered":"<p>Exhibition&nbsp;The Lithuanian Writers\u2019 Association: Seven Decades of History Exhibition \u201cNo, My Friends, We Won\u2019t Go Slow\u201d. The Restoration of Lithuania\u2019s Independence in the Pages of the World Press in 1990 Exhibition Camps in Germany for refugees from Baltic countries, 1944-1951 Exhibition Lithuanian Press in the Diaspora Post-1990 We kindly thank Ram\u016bn\u0117 Sakalait\u0117 Jonaitis, one of &hellip; <a href=\"https:\/\/blog.lnb.lt\/lituanistika\/exhibitions\/\" class=\"more-link\">Toliau skaityti<span class=\"screen-reader-text\"> &#8222;Exhibitions&#8221;<\/span><\/a><\/p>\n","protected":false},"author":6,"featured_media":0,"parent":0,"menu_order":0,"comment_status":"closed","ping_status":"closed","template":"","meta":{"inline_featured_image":false,"footnotes":""},"class_list":["post-1655","page","type-page","status-publish","hentry"],"_links":{"self":[{"href":"https:\/\/blog.lnb.lt\/lituanistika\/wp-json\/wp\/v2\/pages\/1655","targetHints":{"allow":["GET"]}}],"collection":[{"href":"https:\/\/blog.lnb.lt\/lituanistika\/wp-json\/wp\/v2\/pages"}],"about":[{"href":"https:\/\/blog.lnb.lt\/lituanistika\/wp-json\/wp\/v2\/types\/page"}],"author":[{"embeddable":true,"href":"https:\/\/blog.lnb.lt\/lituanistika\/wp-json\/wp\/v2\/users\/6"}],"replies":[{"embeddable":true,"href":"https:\/\/blog.lnb.lt\/lituanistika\/wp-json\/wp\/v2\/comments?post=1655"}],"version-history":[{"count":0,"href":"https:\/\/blog.lnb.lt\/lituanistika\/wp-json\/wp\/v2\/pages\/1655\/revisions"}],"wp:attachment":[{"href":"https:\/\/blog.lnb.lt\/lituanistika\/wp-json\/wp\/v2\/media?parent=1655"}],"curies":[{"name":"wp","href":"https:\/\/api.w.org\/{rel}","templated":true}]}}