{"id":22,"date":"2010-12-03T14:33:32","date_gmt":"2010-12-03T12:33:32","guid":{"rendered":"http:\/\/blog.lnb.lt\/lituanikosskyrius\/"},"modified":"2022-05-17T15:17:02","modified_gmt":"2022-05-17T12:17:02","slug":"ziniasklaida","status":"publish","type":"page","link":"https:\/\/blog.lnb.lt\/lituanistika\/ziniasklaida\/","title":{"rendered":""},"content":{"rendered":"<p>\u0160\u012f tinklara\u0161t\u012f rengia Lietuvos nacionalin\u0117s Martyno Ma\u017evydo bibliotekos Dokumentinio paveldo tyrim\u0173 departamento <strong>Lituanistikos skyrius<\/strong>, taip pat <strong>Ret\u0173 knyg\u0173 ir rankra\u0161\u010di\u0173 skyrius<\/strong> (pastarojo naujienas rasite<a href=\"http:\/\/blog.lnb.lt\/lituanistika\/category\/libri-et-manuscripta\/\"><strong> <em>Libri et manuscripta<\/em><\/strong><\/a> dalyje).<\/p>\n<p><strong>Kod\u0117l pasivadinome\u201eLituani(sti)ka\u201c?<\/strong> Lituanistika (lot. <em>lituanus<\/em> \u2013 lietuvis, lietuvi\u0161kas)\u00a0 rei\u0161kia mokslo \u017eini\u0173 apie Lietuv\u0105 ir lietuvi\u0173 taut\u0105 visum\u0105. Lituanika \u2013 tai ne Lietuvoje i\u0161leista, ta\u010diau kuriuo nors at\u017evilgiu su Lietuva susijusi literat\u016bra: u\u017esienyje i\u0161leistos lietuvi\u0173 autori\u0173 knygos, lietuvi\u0173 diasporos laikra\u0161\u010diai bei \u017eurnalai ir kt. Toki\u0105 literat\u016br\u0105 jau daugel\u012f met\u0173 kaupia Nacionalin\u0117 biblioteka, kurioje kur\u012f laik\u0105 veik\u0117 ir Lituanikos skyrius su Lituanikos skaitykla. Dokumentinio paveldo tyrim\u0173 departamente iki \u0161iol daug d\u0117mesio skiriama diasporai, kiekvien\u0105 pavasar\u012f organizuojami tarpdalykiniai diasporos tyr\u0117j\u0173 seminarai.<\/p>\n<hr \/>\n<p><strong>Lituanistikos skyriaus darbuotoj\u0173 kontaktin\u0117 informacija <a href=\"https:\/\/www.lnb.lt\/kontaktai\/dokumentinio-paveldo-tyrimu-departamentas\/lituanistikos-skyrius\" target=\"_blank\" rel=\"noopener noreferrer\">&gt;&gt;\u00a0<\/a><\/strong><\/p>\n<p><strong>Ret\u0173 knyg\u0173 ir rankra\u0161\u010di\u0173 skyriaus darbuotoj\u0173 kontaktin\u0117 informacija<a href=\"https:\/\/www.lnb.lt\/kontaktai\/dokumentinio-paveldo-tyrimu-departamentas\/retu-knygu-ir-rankrasciu-skyrius\" target=\"_blank\" rel=\"noopener noreferrer\"> &gt;&gt;\u00a0<\/a><\/strong><\/p>\n<hr \/>\n","protected":false},"excerpt":{"rendered":"<p>\u0160\u012f tinklara\u0161t\u012f rengia Lietuvos nacionalin\u0117s Martyno Ma\u017evydo bibliotekos Dokumentinio paveldo tyrim\u0173 departamento Lituanistikos skyrius, taip pat Ret\u0173 knyg\u0173 ir rankra\u0161\u010di\u0173 skyrius (pastarojo naujienas rasite Libri et manuscripta dalyje). Kod\u0117l pasivadinome\u201eLituani(sti)ka\u201c? Lituanistika (lot. lituanus \u2013 lietuvis, lietuvi\u0161kas)\u00a0 rei\u0161kia mokslo \u017eini\u0173 apie Lietuv\u0105 ir lietuvi\u0173 taut\u0105 visum\u0105. Lituanika \u2013 tai ne Lietuvoje i\u0161leista, ta\u010diau kuriuo nors at\u017evilgiu &hellip; <a href=\"https:\/\/blog.lnb.lt\/lituanistika\/ziniasklaida\/\" class=\"more-link\">Toliau skaityti<span class=\"screen-reader-text\"> &#8222;&#8221;<\/span><\/a><\/p>\n","protected":false},"author":6,"featured_media":0,"parent":0,"menu_order":1,"comment_status":"closed","ping_status":"open","template":"","meta":{"inline_featured_image":false,"footnotes":""},"class_list":["post-22","page","type-page","status-publish","hentry"],"_links":{"self":[{"href":"https:\/\/blog.lnb.lt\/lituanistika\/wp-json\/wp\/v2\/pages\/22","targetHints":{"allow":["GET"]}}],"collection":[{"href":"https:\/\/blog.lnb.lt\/lituanistika\/wp-json\/wp\/v2\/pages"}],"about":[{"href":"https:\/\/blog.lnb.lt\/lituanistika\/wp-json\/wp\/v2\/types\/page"}],"author":[{"embeddable":true,"href":"https:\/\/blog.lnb.lt\/lituanistika\/wp-json\/wp\/v2\/users\/6"}],"replies":[{"embeddable":true,"href":"https:\/\/blog.lnb.lt\/lituanistika\/wp-json\/wp\/v2\/comments?post=22"}],"version-history":[{"count":0,"href":"https:\/\/blog.lnb.lt\/lituanistika\/wp-json\/wp\/v2\/pages\/22\/revisions"}],"wp:attachment":[{"href":"https:\/\/blog.lnb.lt\/lituanistika\/wp-json\/wp\/v2\/media?parent=22"}],"curies":[{"name":"wp","href":"https:\/\/api.w.org\/{rel}","templated":true}]}}