{"id":520,"date":"2011-05-13T14:25:40","date_gmt":"2011-05-13T12:25:40","guid":{"rendered":"http:\/\/blog.lnb.lt\/lituanikosskyrius\/?page_id=520"},"modified":"2022-12-09T10:56:40","modified_gmt":"2022-12-09T08:56:40","slug":"parodos","status":"publish","type":"page","link":"https:\/\/blog.lnb.lt\/lituanistika\/parodos\/","title":{"rendered":"Virtualios parodos"},"content":{"rendered":"<p><strong>2022<\/strong><\/p>\n<p><a href=\"https:\/\/parodos.lnb.lt\/exhibits\/show\/simonaitytes-knygu-autografai\"><strong>Paroda \u201eMielai Ievai\u2026 Ievos Simonaityt\u0117s knyg\u0173 kolekcijos autografai Nacionalin\u0117je bibliotekoje\u201c<\/strong><\/a><\/p>\n<hr \/>\n<p><strong>2020<\/strong><\/p>\n<p><img loading=\"lazy\" decoding=\"async\" class=\"aligncenter size-full wp-image-4788\" src=\"https:\/\/blog.lnb.lt\/lituanistika\/files\/2020\/10\/Iseivijos-ziniasklaidos-paroda.jpg\" alt=\"\" width=\"504\" height=\"504\" srcset=\"https:\/\/blog.lnb.lt\/lituanistika\/files\/2020\/10\/Iseivijos-ziniasklaidos-paroda.jpg 504w, https:\/\/blog.lnb.lt\/lituanistika\/files\/2020\/10\/Iseivijos-ziniasklaidos-paroda-300x300.jpg 300w, https:\/\/blog.lnb.lt\/lituanistika\/files\/2020\/10\/Iseivijos-ziniasklaidos-paroda-250x250.jpg 250w\" sizes=\"auto, (max-width: 504px) 85vw, 504px\" \/><\/p>\n<p><a href=\"https:\/\/parodos.lnb.lt\/exhibits\/show\/iseivijos-ziniasklaidos-luziai\"><strong>Paroda \u201eLietuvi\u0173 i\u0161eivijos \u017einiasklaidos l\u016b\u017eiai po 1990 m.\u201c<\/strong><\/a><\/p>\n<hr \/>\n<p><strong style=\"font-size: inherit\">2016<\/strong><\/p>\n<p><img loading=\"lazy\" decoding=\"async\" class=\"aligncenter size-full wp-image-3583\" src=\"http:\/\/blog.lnb.lt\/lituanistika\/files\/2018\/10\/4d3de059b61d4c09ba180b8966ef6bb6.jpg\" alt=\"\" width=\"600\" height=\"450\" srcset=\"https:\/\/blog.lnb.lt\/lituanistika\/files\/2018\/10\/4d3de059b61d4c09ba180b8966ef6bb6.jpg 600w, https:\/\/blog.lnb.lt\/lituanistika\/files\/2018\/10\/4d3de059b61d4c09ba180b8966ef6bb6-250x188.jpg 250w, https:\/\/blog.lnb.lt\/lituanistika\/files\/2018\/10\/4d3de059b61d4c09ba180b8966ef6bb6-300x225.jpg 300w\" sizes=\"auto, (max-width: 600px) 85vw, 600px\" \/><\/p>\n<p><a href=\"http:\/\/parodos.lnb.lt\/exhibits\/show\/lietuviu-rasytoju-draugija\" target=\"_blank\" rel=\"noopener noreferrer\"><strong>Paroda \u201eLi<\/strong><strong>etuvi\u0173 ra\u0161ytoj\u0173 draugija: septyni\u0173 de\u0161imtme\u010di\u0173 istorija\u201c<\/strong><\/a><\/p>\n<hr \/>\n<p id=\"h1\"><strong>2015<\/strong><\/p>\n<p><img loading=\"lazy\" decoding=\"async\" class=\"aligncenter  wp-image-3584\" src=\"http:\/\/blog.lnb.lt\/lituanistika\/files\/2018\/10\/cdef6a43bc1b35b9e123b511eee1b7d6.jpg\" alt=\"\" width=\"495\" height=\"495\" srcset=\"https:\/\/blog.lnb.lt\/lituanistika\/files\/2018\/10\/cdef6a43bc1b35b9e123b511eee1b7d6.jpg 1200w, https:\/\/blog.lnb.lt\/lituanistika\/files\/2018\/10\/cdef6a43bc1b35b9e123b511eee1b7d6-250x250.jpg 250w, https:\/\/blog.lnb.lt\/lituanistika\/files\/2018\/10\/cdef6a43bc1b35b9e123b511eee1b7d6-300x300.jpg 300w, https:\/\/blog.lnb.lt\/lituanistika\/files\/2018\/10\/cdef6a43bc1b35b9e123b511eee1b7d6-768x768.jpg 768w, https:\/\/blog.lnb.lt\/lituanistika\/files\/2018\/10\/cdef6a43bc1b35b9e123b511eee1b7d6-1025x1025.jpg 1025w\" sizes=\"auto, (max-width: 495px) 85vw, 495px\" \/><\/p>\n<p><strong><a href=\"http:\/\/parodos.lnb.lt\/exhibits\/show\/vytautas-antanas-dambrava\" target=\"_blank\" rel=\"noopener noreferrer\">Paroda \u201eV<\/a><\/strong><strong><a href=\"http:\/\/parodos.lnb.lt\/exhibits\/show\/vytautas-antanas-dambrava\" target=\"_blank\" rel=\"noopener noreferrer\">ytautas<\/a><\/strong><strong><a href=\"http:\/\/parodos.lnb.lt\/exhibits\/show\/vytautas-antanas-dambrava\" target=\"_blank\" rel=\"noopener noreferrer\"> Antanas Dambrava: \u201ePolitika \u2013 artimo meil\u0117s vykdymas \u201c<\/a><\/strong><\/p>\n<hr \/>\n<p><img loading=\"lazy\" decoding=\"async\" class=\"aligncenter size-full wp-image-3585\" src=\"http:\/\/blog.lnb.lt\/lituanistika\/files\/2018\/10\/200eeda6564941fb62cd488fa78add49.jpg\" alt=\"\" width=\"600\" height=\"600\" srcset=\"https:\/\/blog.lnb.lt\/lituanistika\/files\/2018\/10\/200eeda6564941fb62cd488fa78add49.jpg 600w, https:\/\/blog.lnb.lt\/lituanistika\/files\/2018\/10\/200eeda6564941fb62cd488fa78add49-250x250.jpg 250w, https:\/\/blog.lnb.lt\/lituanistika\/files\/2018\/10\/200eeda6564941fb62cd488fa78add49-300x300.jpg 300w\" sizes=\"auto, (max-width: 600px) 85vw, 600px\" \/><\/p>\n<p><strong><a title=\"\u201eNe, mes nesul\u0117tinsime \u017eingsnio\u201c. Lietuvos nepriklausomyb\u0117s atk\u016brimas 1990 met\u0173 Vakar\u0173 spaudoje \" href=\"http:\/\/parodos.lnb.lt\/exhibits\/show\/paroda-kovo-11\">Paroda \u201eNe, mes nesul\u0117tinsime \u017eingsnio\u201c. Lietuvos nepriklausomyb\u0117s atk\u016brimas 1990 met\u0173 Vakar\u0173 spaudoje\u201c<\/a><\/strong><\/p>\n<hr \/>\n<p><em><strong>2014\/2021 (abi parodos atnaujintos 2021 m.)<\/strong><\/em><\/p>\n<p><img loading=\"lazy\" decoding=\"async\" class=\"aligncenter size-full wp-image-3586\" src=\"http:\/\/blog.lnb.lt\/lituanistika\/files\/2018\/10\/titulinis-vaizdas_.png\" alt=\"\" width=\"500\" height=\"359\" srcset=\"https:\/\/blog.lnb.lt\/lituanistika\/files\/2018\/10\/titulinis-vaizdas_.png 500w, https:\/\/blog.lnb.lt\/lituanistika\/files\/2018\/10\/titulinis-vaizdas_-250x180.png 250w, https:\/\/blog.lnb.lt\/lituanistika\/files\/2018\/10\/titulinis-vaizdas_-300x215.png 300w\" sizes=\"auto, (max-width: 500px) 85vw, 500px\" \/><\/p>\n<p><a href=\"https:\/\/parodos.lnb.lt\/exhibits\/show\/icchokas-meras\"><strong>Paroda \u201eKelm\u0117 yra mano Lietuva ir mano Jeruzal\u0117\u201c<\/strong><\/a><\/p>\n<hr \/>\n<p><a href=\"http:\/\/senas.lnb.lt\/parodos\/10\/\" target=\"_blank\" rel=\"noopener noreferrer\"><em><strong><img loading=\"lazy\" decoding=\"async\" class=\"aligncenter size-full wp-image-3588\" src=\"http:\/\/blog.lnb.lt\/lituanistika\/files\/2018\/10\/ausros_pazadas_v-1.png\" alt=\"\" width=\"650\" height=\"235\" srcset=\"https:\/\/blog.lnb.lt\/lituanistika\/files\/2018\/10\/ausros_pazadas_v-1.png 650w, https:\/\/blog.lnb.lt\/lituanistika\/files\/2018\/10\/ausros_pazadas_v-1-250x90.png 250w, https:\/\/blog.lnb.lt\/lituanistika\/files\/2018\/10\/ausros_pazadas_v-1-300x108.png 300w\" sizes=\"auto, (max-width: 650px) 85vw, 650px\" \/><\/strong><\/em><\/a><a href=\"https:\/\/parodos.lnb.lt\/exhibits\/show\/vilniaus-pazadas\"><strong>Paroda \u201eVilniaus pa\u017eadas: Romanas Kacewas ir Romainas Gary\u201c<\/strong><\/a><\/p>\n<hr \/>\n<p><em><strong>2013<\/strong><\/em><\/p>\n<p><strong><a href=\"http:\/\/senas.lnb.lt\/parodos\/9\/\">Paroda \u201eLietuvi\u0173 enciklopedijai \u2013 60\u201c<\/a><\/strong><\/p>\n<p><a href=\"http:\/\/senas.lnb.lt\/parodos\/8\/\"><strong>Paroda \u201ePasaulio lietuviui 50\u201c<\/strong><\/a><\/p>\n<hr \/>\n<p><em><strong>2012<\/strong><\/em><\/p>\n<p><strong><a href=\"http:\/\/senas.lnb.lt\/parodos\/6\/\" target=\"_blank\" rel=\"noopener noreferrer\">Paroda\u00a0\u201eI\u0161 Lozorai\u010di\u0173 bibliotekos kolekcijos: Roma&#8221;<\/a><\/strong><\/p>\n<p><strong><a href=\"http:\/\/senas.lnb.lt\/parodos\/5\/\" target=\"_blank\" rel=\"noopener noreferrer\">Paroda\u00a0\u201eLietuvi\u0173 literat\u016bros vertimai (2007\u20132011 m.)\u201c<\/a><\/strong><\/p>\n<hr \/>\n<p><em><strong>2011<\/strong><\/em><\/p>\n<p><strong><a href=\"http:\/\/senas.lnb.lt\/parodos\/4\/\" target=\"_blank\" rel=\"noopener noreferrer\">Paroda \u201eGyventi teatru&#8230;\u201c<\/a>, skirta Au\u0161ros ir Jono Jura\u0161\u0173 75-i\u0173 met\u0173 sukaktims.<\/strong><\/p>\n<p><strong><a href=\"http:\/\/senas.lnb.lt\/parodos\/3\/\" target=\"_blank\" rel=\"noopener noreferrer\">Paroda \u201eEgzodo k\u016br\u0117j\u0173 portretai: Stepas Zobarskas\u201d<\/a><\/strong><\/p>\n<hr \/>\n<p><strong><em><span style=\"color: #000000\">2010<\/span><\/em><\/strong><\/p>\n<p><strong><a href=\"http:\/\/senas.lnb.lt\/parodos\/2\/\" target=\"_blank\" rel=\"noopener noreferrer\">Paroda \u201ePoetui ir vert\u0117jui Jonui Zdaniui &#8211; 60\u201d<\/a><\/strong><\/p>\n<hr \/>\n<p><strong><em><span style=\"color: #000000\">2009<\/span><\/em><\/strong><\/p>\n<p><strong><a href=\"http:\/\/senas.lnb.lt\/lnb\/selectPage.do?docLocator=EC4DE6EAC94811DE925F746164617373&amp;inlanguage=lt&amp;pathId=132\">Paroda \u201eLietuvi\u0173 i\u0161eivijos periodika Lozorai\u010di\u0173 \u0161eimos bibliotekoje\u201d<\/a><\/strong><\/p>\n","protected":false},"excerpt":{"rendered":"<p>2022 Paroda \u201eMielai Ievai\u2026 Ievos Simonaityt\u0117s knyg\u0173 kolekcijos autografai Nacionalin\u0117je bibliotekoje\u201c 2020 Paroda \u201eLietuvi\u0173 i\u0161eivijos \u017einiasklaidos l\u016b\u017eiai po 1990 m.\u201c 2016 Paroda \u201eLietuvi\u0173 ra\u0161ytoj\u0173 draugija: septyni\u0173 de\u0161imtme\u010di\u0173 istorija\u201c 2015 Paroda \u201eVytautas Antanas Dambrava: \u201ePolitika \u2013 artimo meil\u0117s vykdymas \u201c Paroda \u201eNe, mes nesul\u0117tinsime \u017eingsnio\u201c. Lietuvos nepriklausomyb\u0117s atk\u016brimas 1990 met\u0173 Vakar\u0173 spaudoje\u201c 2014\/2021 (abi parodos atnaujintos &hellip; <a href=\"https:\/\/blog.lnb.lt\/lituanistika\/parodos\/\" class=\"more-link\">Toliau skaityti<span class=\"screen-reader-text\"> &#8222;Virtualios parodos&#8221;<\/span><\/a><\/p>\n","protected":false},"author":6,"featured_media":0,"parent":0,"menu_order":0,"comment_status":"closed","ping_status":"closed","template":"","meta":{"inline_featured_image":false,"footnotes":""},"class_list":["post-520","page","type-page","status-publish","hentry"],"_links":{"self":[{"href":"https:\/\/blog.lnb.lt\/lituanistika\/wp-json\/wp\/v2\/pages\/520","targetHints":{"allow":["GET"]}}],"collection":[{"href":"https:\/\/blog.lnb.lt\/lituanistika\/wp-json\/wp\/v2\/pages"}],"about":[{"href":"https:\/\/blog.lnb.lt\/lituanistika\/wp-json\/wp\/v2\/types\/page"}],"author":[{"embeddable":true,"href":"https:\/\/blog.lnb.lt\/lituanistika\/wp-json\/wp\/v2\/users\/6"}],"replies":[{"embeddable":true,"href":"https:\/\/blog.lnb.lt\/lituanistika\/wp-json\/wp\/v2\/comments?post=520"}],"version-history":[{"count":0,"href":"https:\/\/blog.lnb.lt\/lituanistika\/wp-json\/wp\/v2\/pages\/520\/revisions"}],"wp:attachment":[{"href":"https:\/\/blog.lnb.lt\/lituanistika\/wp-json\/wp\/v2\/media?parent=520"}],"curies":[{"name":"wp","href":"https:\/\/api.w.org\/{rel}","templated":true}]}}