{"id":24,"date":"2023-12-05T10:52:46","date_gmt":"2023-12-05T10:52:46","guid":{"rendered":"https:\/\/blog.lnb.lt\/vilniusjewishpubliclibrary\/?page_id=24"},"modified":"2026-02-27T10:52:04","modified_gmt":"2026-02-27T08:52:04","slug":"kaip-mus-rasti","status":"publish","type":"page","link":"https:\/\/blog.lnb.lt\/vilniusjewishpubliclibrary\/kaip-mus-rasti\/","title":{"rendered":"Kaip mus rasti?"},"content":{"rendered":"\n<div class=\"wp-block-group alignfull has-global-padding is-layout-constrained wp-container-core-group-is-layout-cb151cc7 wp-block-group-is-layout-constrained\" style=\"margin-top:0;margin-bottom:0;padding-top:0;padding-right:var(--wp--preset--spacing--50);padding-bottom:0;padding-left:var(--wp--preset--spacing--50)\">\n<div class=\"wp-block-group alignwide has-global-padding is-layout-constrained wp-container-core-group-is-layout-19e250f3 wp-block-group-is-layout-constrained\">\n<div class=\"wp-block-group is-vertical is-content-justification-center is-layout-flex wp-container-core-group-is-layout-6329a8f3 wp-block-group-is-layout-flex\">\n<p class=\"has-text-align-center\">J\u016bs\u0173 laukiame darbo dienomis 11 &#8211; 18 val. Biblioteka nedirba valstybini\u0173 \u0161ven\u010di\u0173 dienomis. Prie\u0161\u0161ventin\u0119 dien\u0105 biblioteka dirba viena valanda trumpiau.<\/p>\n<\/div>\n\n\n\n<div style=\"height:var(--wp--preset--spacing--40)\" aria-hidden=\"true\" class=\"wp-block-spacer\"><\/div>\n\n\n\n<div class=\"wp-block-columns alignwide is-layout-flex wp-container-core-columns-is-layout-47c06fe3 wp-block-columns-is-layout-flex\">\n<div class=\"wp-block-column is-vertically-aligned-center is-layout-flow wp-block-column-is-layout-flow\" style=\"flex-basis:40%\">\n<h3 class=\"wp-block-heading has-text-align-right is-style-asterisk\">Kontaktai:<\/h3>\n\n\n\n<p class=\"has-text-align-right\"><strong>Adresas:<\/strong>\u00a0Gedimino pr. 24, Vilnius<br><strong>El. pa\u0161tas:<\/strong>\u00a0vzvb@lnb.lt<br><strong>Tel. nr.:<\/strong>\u00a0+370 5  204 80 46<\/p>\n<\/div>\n\n\n\n<div class=\"wp-block-column is-layout-flow wp-block-column-is-layout-flow\" style=\"flex-basis:50%\">\n<figure class=\"wp-block-image size-full is-style-rounded is-style-rounded--1\"><img loading=\"lazy\" decoding=\"async\" width=\"1000\" height=\"665\" src=\"http:\/\/blog.lnb.lt\/vilniusjewishpubliclibrary\/files\/2023\/12\/Kaip-mus-rasti.png\" alt=\"\" class=\"wp-image-26\" srcset=\"https:\/\/blog.lnb.lt\/vilniusjewishpubliclibrary\/files\/2023\/12\/Kaip-mus-rasti.png 1000w, https:\/\/blog.lnb.lt\/vilniusjewishpubliclibrary\/files\/2023\/12\/Kaip-mus-rasti-300x200.png 300w, https:\/\/blog.lnb.lt\/vilniusjewishpubliclibrary\/files\/2023\/12\/Kaip-mus-rasti-768x511.png 768w\" sizes=\"auto, (max-width: 1000px) 100vw, 1000px\" \/><\/figure>\n<\/div>\n<\/div>\n\n\n\n<div style=\"height:var(--wp--preset--spacing--40)\" aria-hidden=\"true\" class=\"wp-block-spacer\"><\/div>\n\n\n\n<div class=\"wp-block-columns alignwide is-layout-flex wp-container-core-columns-is-layout-d1c656ed wp-block-columns-is-layout-flex\">\n<div class=\"wp-block-column is-layout-flow wp-block-column-is-layout-flow\" style=\"flex-basis:50%\">\n<figure class=\"wp-block-image size-full is-style-rounded is-style-rounded--2\"><img loading=\"lazy\" decoding=\"async\" width=\"1000\" height=\"663\" src=\"https:\/\/blog.lnb.lt\/vilniusjewishpubliclibrary\/files\/2023\/12\/Bibliotekos-durys.png\" alt=\"\" class=\"wp-image-25\" srcset=\"https:\/\/blog.lnb.lt\/vilniusjewishpubliclibrary\/files\/2023\/12\/Bibliotekos-durys.png 1000w, https:\/\/blog.lnb.lt\/vilniusjewishpubliclibrary\/files\/2023\/12\/Bibliotekos-durys-300x199.png 300w, https:\/\/blog.lnb.lt\/vilniusjewishpubliclibrary\/files\/2023\/12\/Bibliotekos-durys-768x509.png 768w\" sizes=\"auto, (max-width: 1000px) 100vw, 1000px\" \/><\/figure>\n<\/div>\n\n\n\n<div class=\"wp-block-column is-vertically-aligned-center is-layout-flow wp-block-column-is-layout-flow\" style=\"flex-basis:40%\">\n<h3 class=\"wp-block-heading is-style-asterisk\">\u012e\u0117jimas pro ark\u0105 \u0161alia Vilniaus ma\u017eojo teatro. Bibliotekos pastatas yra vidiniame teatro kiemelyje. Mus rasite antrame auk\u0161te. Domofone spauskite mygtuk\u0105 nr. 9.<\/h3>\n<\/div>\n<\/div>\n<\/div>\n<\/div>\n\n\n\n<div style=\"height:100px\" aria-hidden=\"true\" class=\"wp-block-spacer\"><\/div>\n","protected":false},"excerpt":{"rendered":"<p>J\u016bs\u0173 laukiame darbo dienomis 11 &#8211; 18 val. Biblioteka nedirba valstybini\u0173 \u0161ven\u010di\u0173 dienomis. Prie\u0161\u0161ventin\u0119 dien\u0105 biblioteka dirba viena valanda trumpiau. Kontaktai: Adresas:\u00a0Gedimino pr. 24, VilniusEl. pa\u0161tas:\u00a0vzvb@lnb.ltTel. nr.:\u00a0+370 5 204 80 46 \u012e\u0117jimas pro ark\u0105 \u0161alia Vilniaus ma\u017eojo teatro. Bibliotekos pastatas yra vidiniame teatro kiemelyje. Mus rasite antrame auk\u0161te. Domofone spauskite mygtuk\u0105 nr. 9.<\/p>\n","protected":false},"author":146,"featured_media":0,"parent":0,"menu_order":0,"comment_status":"closed","ping_status":"closed","template":"","meta":{"inline_featured_image":false,"footnotes":""},"class_list":["post-24","page","type-page","status-publish","hentry"],"_links":{"self":[{"href":"https:\/\/blog.lnb.lt\/vilniusjewishpubliclibrary\/wp-json\/wp\/v2\/pages\/24","targetHints":{"allow":["GET"]}}],"collection":[{"href":"https:\/\/blog.lnb.lt\/vilniusjewishpubliclibrary\/wp-json\/wp\/v2\/pages"}],"about":[{"href":"https:\/\/blog.lnb.lt\/vilniusjewishpubliclibrary\/wp-json\/wp\/v2\/types\/page"}],"author":[{"embeddable":true,"href":"https:\/\/blog.lnb.lt\/vilniusjewishpubliclibrary\/wp-json\/wp\/v2\/users\/146"}],"replies":[{"embeddable":true,"href":"https:\/\/blog.lnb.lt\/vilniusjewishpubliclibrary\/wp-json\/wp\/v2\/comments?post=24"}],"version-history":[{"count":0,"href":"https:\/\/blog.lnb.lt\/vilniusjewishpubliclibrary\/wp-json\/wp\/v2\/pages\/24\/revisions"}],"wp:attachment":[{"href":"https:\/\/blog.lnb.lt\/vilniusjewishpubliclibrary\/wp-json\/wp\/v2\/media?parent=24"}],"curies":[{"name":"wp","href":"https:\/\/api.w.org\/{rel}","templated":true}]}}