{"id":28,"date":"2023-12-05T11:08:23","date_gmt":"2023-12-05T11:08:23","guid":{"rendered":"https:\/\/blog.lnb.lt\/vilniusjewishpubliclibrary\/?page_id=28"},"modified":"2026-01-20T14:07:46","modified_gmt":"2026-01-20T12:07:46","slug":"komanda","status":"publish","type":"page","link":"https:\/\/blog.lnb.lt\/vilniusjewishpubliclibrary\/komanda\/","title":{"rendered":"Komanda"},"content":{"rendered":"\n<div class=\"wp-block-group alignfull has-global-padding is-layout-constrained wp-container-core-group-is-layout-aff63992 wp-block-group-is-layout-constrained\" style=\"margin-top:0;margin-bottom:0;padding-top:0;padding-right:var(--wp--preset--spacing--50);padding-bottom:0;padding-left:var(--wp--preset--spacing--50)\">\n<div class=\"wp-block-group is-vertical is-content-justification-center is-layout-flex wp-container-core-group-is-layout-ce155fab wp-block-group-is-layout-flex\">\n<p class=\"has-text-align-center\">Bibliotekos komanda pasiruo\u0161usi suteikti visapusi\u0161k\u0105 pagalb\u0105 skaitytojams, atsakyti \u012f kylan\u010dius klausimus bei rekomenduoti \u012fdomiausias knygas.<\/p>\n<\/div>\n\n\n\n<div style=\"height:var(--wp--preset--spacing--30)\" aria-hidden=\"true\" class=\"wp-block-spacer\"><\/div>\n\n\n\n<div class=\"wp-block-columns alignwide is-layout-flex wp-container-core-columns-is-layout-4935966c wp-block-columns-is-layout-flex\" style=\"padding-right:0;padding-left:0\">\n<div class=\"wp-block-column is-layout-flow wp-block-column-is-layout-flow\">\n\n\n<div class=\"wp-block-group is-vertical is-content-justification-center is-nowrap is-layout-flex wp-container-core-group-is-layout-21d4e958 wp-block-group-is-layout-flex\">\n<p class=\"has-text-align-center has-small-font-size\"><strong>Liana Jagniatinskyt\u0117<\/strong><\/p>\n\n\n\n<p class=\"has-text-align-center has-small-font-size\"><em> Vadov\u0117<\/em><br><br>Liana.jagniatinskyt\u0117@lnb.lt<\/p>\n\n\n\n<p class=\"has-text-align-center has-small-font-size\">+370 652 02202<\/p>\n<\/div>\n<\/div>\n\n\n\n<div class=\"wp-block-column is-layout-flow wp-block-column-is-layout-flow\">\n\n\n<div class=\"wp-block-group is-vertical is-content-justification-center is-nowrap is-layout-flex wp-container-core-group-is-layout-63bfd6c1 wp-block-group-is-layout-flex\">\n<p class=\"has-text-align-center has-small-font-size\"><strong>Birut\u0117 Me\u0161kien\u0117<\/strong><\/p>\n\n\n\n<p class=\"has-text-align-center has-small-font-size\"><em>Vyr. bibliotekinink\u0117<\/em><br><br>Birute.Meskiene@lnb.lt<\/p>\n\n\n\n<p class=\"has-text-align-center has-small-font-size\">(8-5) 204 80 46<\/p>\n<\/div>\n<\/div>\n\n\n\n<div class=\"wp-block-column is-layout-flow wp-block-column-is-layout-flow\">\n\n\n<div class=\"wp-block-group is-vertical is-content-justification-center is-nowrap is-layout-flex wp-container-core-group-is-layout-63bfd6c1 wp-block-group-is-layout-flex\">\n<p class=\"has-text-align-center has-small-font-size\"><strong>\u0160ar\u016bn\u0117 Sederevi\u010di\u016bt\u0117<\/strong><\/p>\n\n\n\n<p class=\"has-text-align-center has-small-font-size\"><em>Vyr. bibliotekinink\u0117<\/em><\/p>\n\n\n\n<p class=\"has-text-align-center has-small-font-size\"><br>Sarune.Sedereviciute@lnb.lt<\/p>\n\n\n\n<p class=\"has-text-align-center has-small-font-size\">(8-5) 204 80 46<\/p>\n<\/div>\n<\/div>\n<\/div>\n<\/div>\n\n\n\n<div style=\"height:100px\" aria-hidden=\"true\" class=\"wp-block-spacer\"><\/div>\n\n\n\n<p><\/p>\n","protected":false},"excerpt":{"rendered":"<p>Bibliotekos komanda pasiruo\u0161usi suteikti visapusi\u0161k\u0105 pagalb\u0105 skaitytojams, atsakyti \u012f kylan\u010dius klausimus bei rekomenduoti \u012fdomiausias knygas. Liana Jagniatinskyt\u0117 Vadov\u0117 Liana.jagniatinskyt\u0117@lnb.lt +370 652 02202 Birut\u0117 Me\u0161kien\u0117 Vyr. bibliotekinink\u0117 Birute.Meskiene@lnb.lt (8-5) 204 80 46 \u0160ar\u016bn\u0117 Sederevi\u010di\u016bt\u0117 Vyr. bibliotekinink\u0117 Sarune.Sedereviciute@lnb.lt (8-5) 204 80 46<\/p>\n","protected":false},"author":146,"featured_media":0,"parent":0,"menu_order":0,"comment_status":"closed","ping_status":"closed","template":"","meta":{"inline_featured_image":false,"footnotes":""},"class_list":["post-28","page","type-page","status-publish","hentry"],"_links":{"self":[{"href":"https:\/\/blog.lnb.lt\/vilniusjewishpubliclibrary\/wp-json\/wp\/v2\/pages\/28","targetHints":{"allow":["GET"]}}],"collection":[{"href":"https:\/\/blog.lnb.lt\/vilniusjewishpubliclibrary\/wp-json\/wp\/v2\/pages"}],"about":[{"href":"https:\/\/blog.lnb.lt\/vilniusjewishpubliclibrary\/wp-json\/wp\/v2\/types\/page"}],"author":[{"embeddable":true,"href":"https:\/\/blog.lnb.lt\/vilniusjewishpubliclibrary\/wp-json\/wp\/v2\/users\/146"}],"replies":[{"embeddable":true,"href":"https:\/\/blog.lnb.lt\/vilniusjewishpubliclibrary\/wp-json\/wp\/v2\/comments?post=28"}],"version-history":[{"count":0,"href":"https:\/\/blog.lnb.lt\/vilniusjewishpubliclibrary\/wp-json\/wp\/v2\/pages\/28\/revisions"}],"wp:attachment":[{"href":"https:\/\/blog.lnb.lt\/vilniusjewishpubliclibrary\/wp-json\/wp\/v2\/media?parent=28"}],"curies":[{"name":"wp","href":"https:\/\/api.w.org\/{rel}","templated":true}]}}